{"id":8394,"date":"2021-02-18T14:45:09","date_gmt":"2021-02-18T17:45:09","guid":{"rendered":"http:\/\/www.casadainjecao.com.br\/loja\/?post_type=product&#038;p=8394"},"modified":"2022-09-21T13:48:42","modified_gmt":"2022-09-21T16:48:42","slug":"mangueira-de-ar-do-intercooler-para-egr-renault-master-2-5-dci-8200709833","status":"publish","type":"product","link":"https:\/\/www.casadainjecao.com.br\/loja\/autopecas\/motor\/mangueiras-motor\/mangueira-de-ar-do-intercooler-para-egr-renault-master-2-5-dci-8200709833\/","title":{"rendered":"Mangueira de Ar Coletor Admiss\u00e3o V\u00e1lvula Egr Renault Maste"},"content":{"rendered":"<h1>Mangueira de Ar Coletor Admiss\u00e3o V\u00e1lvula Egr Renault Master 2.5 DCI &#8211; 8200709833<\/h1>\n","protected":false},"excerpt":{"rendered":"<h2>Mangueira Ar Coletor para Valvula EGR<\/h2>\n<h2>Renault Master 2.5 16v DCI Laguna<\/h2>\n<h2>Codigo:- 8200709833 \/8200578468\/ 8200013368 c=31<\/h2>\n<p>&nbsp;<\/p>\n","protected":false},"featured_media":8396,"template":"","meta":{"_seopress_robots_primary_cat":"none","_seopress_titles_title":"","_seopress_titles_desc":"","_seopress_robots_index":"","_joinchat":[]},"product_cat":[223,22],"product_tag":[128,193],"berocket_brand":[394],"_links":{"self":[{"href":"https:\/\/www.casadainjecao.com.br\/loja\/wp-json\/wp\/v2\/product\/8394"}],"collection":[{"href":"https:\/\/www.casadainjecao.com.br\/loja\/wp-json\/wp\/v2\/product"}],"about":[{"href":"https:\/\/www.casadainjecao.com.br\/loja\/wp-json\/wp\/v2\/types\/product"}],"wp:featuredmedia":[{"embeddable":true,"href":"https:\/\/www.casadainjecao.com.br\/loja\/wp-json\/wp\/v2\/media\/8396"}],"wp:attachment":[{"href":"https:\/\/www.casadainjecao.com.br\/loja\/wp-json\/wp\/v2\/media?parent=8394"}],"wp:term":[{"taxonomy":"product_cat","embeddable":true,"href":"https:\/\/www.casadainjecao.com.br\/loja\/wp-json\/wp\/v2\/product_cat?post=8394"},{"taxonomy":"product_tag","embeddable":true,"href":"https:\/\/www.casadainjecao.com.br\/loja\/wp-json\/wp\/v2\/product_tag?post=8394"},{"taxonomy":"berocket_brand","embeddable":true,"href":"https:\/\/www.casadainjecao.com.br\/loja\/wp-json\/wp\/v2\/berocket_brand?post=8394"}],"curies":[{"name":"wp","href":"https:\/\/api.w.org\/{rel}","templated":true}]}}