{"id":8405,"date":"2021-02-18T15:34:59","date_gmt":"2021-02-18T18:34:59","guid":{"rendered":"http:\/\/www.casadainjecao.com.br\/loja\/?post_type=product&#038;p=8405"},"modified":"2021-08-08T22:23:22","modified_gmt":"2021-08-09T01:23:22","slug":"braco-axial-com-coifa-da-caixa-de-direcao-renault-megane-7701474448","status":"publish","type":"product","link":"https:\/\/www.casadainjecao.com.br\/loja\/autopecas\/suspencao\/braco-tirante\/braco-axial-com-coifa-da-caixa-de-direcao-renault-megane-7701474448\/","title":{"rendered":"Bra\u00e7o Axial com Coifa da Caixa de Dire\u00e7\u00e3o Renault Megane "},"content":{"rendered":"<h1>Bra\u00e7o Axial com Coifa da Caixa de Dire\u00e7\u00e3o\u00a0 Renault Megane &#8211; 7701474448<\/h1>\n","protected":false},"excerpt":{"rendered":"<h2>Bra\u00e7o Axial com Coifa da Caixa de Dire\u00e7\u00e3o Original<\/h2>\n<h2>Renault Megane Scenic 06&gt;12<\/h2>\n<h2>Codigo:- 7701474448 c=8<\/h2>\n","protected":false},"featured_media":8407,"template":"","meta":{"_seopress_robots_primary_cat":"","_seopress_titles_title":"","_seopress_titles_desc":"","_seopress_robots_index":"","_joinchat":[]},"product_cat":[1113,1176,1104],"product_tag":[50,51],"berocket_brand":[394],"_links":{"self":[{"href":"https:\/\/www.casadainjecao.com.br\/loja\/wp-json\/wp\/v2\/product\/8405"}],"collection":[{"href":"https:\/\/www.casadainjecao.com.br\/loja\/wp-json\/wp\/v2\/product"}],"about":[{"href":"https:\/\/www.casadainjecao.com.br\/loja\/wp-json\/wp\/v2\/types\/product"}],"wp:featuredmedia":[{"embeddable":true,"href":"https:\/\/www.casadainjecao.com.br\/loja\/wp-json\/wp\/v2\/media\/8407"}],"wp:attachment":[{"href":"https:\/\/www.casadainjecao.com.br\/loja\/wp-json\/wp\/v2\/media?parent=8405"}],"wp:term":[{"taxonomy":"product_cat","embeddable":true,"href":"https:\/\/www.casadainjecao.com.br\/loja\/wp-json\/wp\/v2\/product_cat?post=8405"},{"taxonomy":"product_tag","embeddable":true,"href":"https:\/\/www.casadainjecao.com.br\/loja\/wp-json\/wp\/v2\/product_tag?post=8405"},{"taxonomy":"berocket_brand","embeddable":true,"href":"https:\/\/www.casadainjecao.com.br\/loja\/wp-json\/wp\/v2\/berocket_brand?post=8405"}],"curies":[{"name":"wp","href":"https:\/\/api.w.org\/{rel}","templated":true}]}}