{"id":8717,"date":"2021-03-02T16:32:01","date_gmt":"2021-03-02T19:32:01","guid":{"rendered":"http:\/\/www.casadainjecao.com.br\/loja\/?post_type=product&#038;p=8717"},"modified":"2025-06-11T09:06:41","modified_gmt":"2025-06-11T12:06:41","slug":"isolador-anti-ruido-do-duto-renault-master-8200206617","status":"publish","type":"product","link":"https:\/\/www.casadainjecao.com.br\/loja\/autopecas\/exterior\/farol\/isolador-anti-ruido-do-duto-renault-master-8200206617\/","title":{"rendered":"Moldura do Farol de Milha Direito Renault Master &#8211; 770"},"content":{"rendered":"<h1>Moldura do Farol de Milha Direito<\/h1>\n<h3>Renault Master<\/h3>\n<h3>\u00a0Codigo:- 7701410522<\/h3>\n<h4>Condi\u00e7\u00f5es:<\/h4>\n<h4>Produto Novo Original<\/h4>\n<h4>Garantia:<\/h4>\n<h4>3 Meses<\/h4>\n<h4><span style=\"font-size: 13.5pt;\">ATEN\u00c7\u00c3O: Antes de efetuar a compra verifique o c\u00f3digo da sua pe\u00e7a que est\u00e1 instalado no seu ve\u00edculo.<\/span><\/h4>\n<h4>A Casa da Inje\u00e7\u00e3o oferece total garantia nos produtos comprados em nosso site.<\/h4>\n<h4>Cada item \u00e9 rigorosamente testado antes do envio<\/h4>\n<h4>Se os itens estiverem danificados ou parcialmente defeituosos, entre em contato conosco.<\/h4>\n<h4>Procure um profissional devidamente licenciado para a instala\u00e7\u00e3o e fa\u00e7a revis\u00f5es periodicamente. A empresa n\u00e3o se responsabiliza por problemas oriundos da m\u00e1 instala\u00e7\u00e3o ou com a falta de cuidados peri\u00f3dicos dos componentes.<\/h4>\n<h4>Se houver qualquer defeito, n\u00f3s lhe enviaremos uma substitui\u00e7\u00e3o ap\u00f3s receber o pacote ou devolvemos seu dinheiro.<\/h4>\n<h4>Leia nossa\u00a0<a href=\"https:\/\/www.casadainjecao.com.br\/loja\/politica-de-devolucao\"><span style=\"color: blue;\">pol\u00edtica de devolu\u00e7\u00e3o aqui<\/span><\/a><\/h4>\n<h4>\u2014\u2014\u2014\u2014\u2014\u2014\u2014\u2014\u2014\u2014\u2014\u2014\u2014\u2014\u2014\u2014\u2014\u2014\u2014\u2013<\/h4>\n<h4>Tem alguma d\u00favida?<\/h4>\n<h4>Entre em contato que podemos ajudar!<\/h4>\n<h4>Confira as informa\u00e7\u00f5es adicionais abaixo:<\/h4>\n<h4>Todos os nossos produtos s\u00e3o novos, semi-novos, originais e paralelos possuem garantia.<\/h4>\n<h4>Todos os produtos anunciados est\u00e3o dispon\u00edveis em estoque e s\u00e3o enviados com extrema rapidez.<\/h4>\n<h4>O frete pode ser simulado antes de efetuar a compra, basta clicar em \u201cver custos de envio\u201d.<\/h4>\n<h4>Verifique o endere\u00e7o de entrega cadastrado e atualize caso necess\u00e1rio.<\/h4>\n<h4>Confirme se a pe\u00e7a \u00e9 correta para o seu modelo de ve\u00edculo.<\/h4>\n<h4>Para pe\u00e7as automotivas, recomendamos a instala\u00e7\u00e3o por um profissional especializado. Caso possua outras d\u00favidas, entre em contato.<\/h4>\n","protected":false},"excerpt":{"rendered":"<h2>Moldura do Farol de Milha Lado Direito Renault Master &#8211; 7701410522<\/h2>\n","protected":false},"featured_media":36268,"template":"","meta":{"_seopress_robots_primary_cat":"none","_seopress_titles_title":"","_seopress_titles_desc":"","_seopress_robots_index":"","_seopress_analysis_target_kw":"","_kad_blocks_custom_css":"","_kad_blocks_head_custom_js":"","_kad_blocks_body_custom_js":"","_kad_blocks_footer_custom_js":"","_kadence_starter_templates_imported_post":false,"_joinchat":[]},"product_brand":[],"product_cat":[83,23,1302,1095,95],"product_tag":[193],"berocket_brand":[394],"class_list":{"0":"post-8717","1":"product","2":"type-product","3":"status-publish","4":"has-post-thumbnail","6":"product_cat-carroceria","7":"product_cat-exterior","8":"product_cat-farol","9":"product_cat-iluminacao","10":"product_cat-parachoque","11":"product_tag-master-ii","12":"berocket_brand-renault","13":"thunk-woo-product-list","14":"big-store-woo-hover-zoom","15":"open-single-product-tab-horizontal","16":"open-shadow-","17":"open-shadow-hover-","19":"first","20":"outofstock","21":"sale","22":"taxable","23":"shipping-taxable","24":"purchasable","25":"product-type-simple"},"taxonomy_info":{"product_cat":[{"value":83,"label":"Carroceria"},{"value":23,"label":"Exterior"},{"value":1302,"label":"Farol"},{"value":1095,"label":"Ilumina\u00e7\u00e3o"},{"value":95,"label":"Parachoque"}],"product_tag":[{"value":193,"label":"Master II"}],"berocket_brand":[{"value":394,"label":"Renault"}]},"featured_image_src_large":["https:\/\/www.casadainjecao.com.br\/loja\/wp-content\/uploads\/2021\/03\/Moldura-do-Farol-de-Milha-Direito-Renault-Master-7701410522-920x920.jpg",640,640,true],"author_info":[],"comment_info":"","_links":{"self":[{"href":"https:\/\/www.casadainjecao.com.br\/loja\/wp-json\/wp\/v2\/product\/8717","targetHints":{"allow":["GET"]}}],"collection":[{"href":"https:\/\/www.casadainjecao.com.br\/loja\/wp-json\/wp\/v2\/product"}],"about":[{"href":"https:\/\/www.casadainjecao.com.br\/loja\/wp-json\/wp\/v2\/types\/product"}],"wp:featuredmedia":[{"embeddable":true,"href":"https:\/\/www.casadainjecao.com.br\/loja\/wp-json\/wp\/v2\/media\/36268"}],"wp:attachment":[{"href":"https:\/\/www.casadainjecao.com.br\/loja\/wp-json\/wp\/v2\/media?parent=8717"}],"wp:term":[{"taxonomy":"product_brand","embeddable":true,"href":"https:\/\/www.casadainjecao.com.br\/loja\/wp-json\/wp\/v2\/product_brand?post=8717"},{"taxonomy":"product_cat","embeddable":true,"href":"https:\/\/www.casadainjecao.com.br\/loja\/wp-json\/wp\/v2\/product_cat?post=8717"},{"taxonomy":"product_tag","embeddable":true,"href":"https:\/\/www.casadainjecao.com.br\/loja\/wp-json\/wp\/v2\/product_tag?post=8717"},{"taxonomy":"berocket_brand","embeddable":true,"href":"https:\/\/www.casadainjecao.com.br\/loja\/wp-json\/wp\/v2\/berocket_brand?post=8717"}],"curies":[{"name":"wp","href":"https:\/\/api.w.org\/{rel}","templated":true}]}}