{"id":8823,"date":"2021-03-05T11:52:02","date_gmt":"2021-03-05T14:52:02","guid":{"rendered":"http:\/\/www.casadainjecao.com.br\/loja\/?post_type=product&#038;p=8823"},"modified":"2022-01-19T10:35:11","modified_gmt":"2022-01-19T13:35:11","slug":"rolamento-dianteiro-do-pinhao-cambio-jb3-jc5-7703090323","status":"publish","type":"product","link":"https:\/\/www.casadainjecao.com.br\/loja\/autopecas\/transmissao\/rolamentos-transmissao\/rolamento-dianteiro-do-pinhao-cambio-jb3-jc5-7703090323\/","title":{"rendered":"Rolamento Dianteiro do Pinh\u00e3o C\u00e2mbio Jb3 Jc5 &#8211; 77030"},"content":{"rendered":"<h1>Rolamento Dianteiro do Pinh\u00e3o C\u00e2mbio Jb3 Jc5 &#8211; 7703090323<\/h1>\n","protected":false},"excerpt":{"rendered":"<h2>Rolamento Dianteiro do Pinh\u00e3o C\u00e2mbio Jb3 Jc5<\/h2>\n<h2>Renault Logan Laguna Sandero R19<\/h2>\n<h2>Codigo:- 7703090323 \/ SNR NU12044S01 c=30<\/h2>\n","protected":false},"featured_media":8827,"template":"","meta":{"_seopress_robots_primary_cat":"none","_seopress_titles_title":"","_seopress_titles_desc":"","_seopress_robots_index":"","_joinchat":[]},"product_cat":[329,26],"product_tag":[128,66,90,91],"berocket_brand":[394],"_links":{"self":[{"href":"https:\/\/www.casadainjecao.com.br\/loja\/wp-json\/wp\/v2\/product\/8823"}],"collection":[{"href":"https:\/\/www.casadainjecao.com.br\/loja\/wp-json\/wp\/v2\/product"}],"about":[{"href":"https:\/\/www.casadainjecao.com.br\/loja\/wp-json\/wp\/v2\/types\/product"}],"wp:featuredmedia":[{"embeddable":true,"href":"https:\/\/www.casadainjecao.com.br\/loja\/wp-json\/wp\/v2\/media\/8827"}],"wp:attachment":[{"href":"https:\/\/www.casadainjecao.com.br\/loja\/wp-json\/wp\/v2\/media?parent=8823"}],"wp:term":[{"taxonomy":"product_cat","embeddable":true,"href":"https:\/\/www.casadainjecao.com.br\/loja\/wp-json\/wp\/v2\/product_cat?post=8823"},{"taxonomy":"product_tag","embeddable":true,"href":"https:\/\/www.casadainjecao.com.br\/loja\/wp-json\/wp\/v2\/product_tag?post=8823"},{"taxonomy":"berocket_brand","embeddable":true,"href":"https:\/\/www.casadainjecao.com.br\/loja\/wp-json\/wp\/v2\/berocket_brand?post=8823"}],"curies":[{"name":"wp","href":"https:\/\/api.w.org\/{rel}","templated":true}]}}