{"id":9027,"date":"2021-03-11T12:17:55","date_gmt":"2021-03-11T15:17:55","guid":{"rendered":"http:\/\/www.casadainjecao.com.br\/loja\/?post_type=product&#038;p=9027"},"modified":"2025-12-04T17:06:31","modified_gmt":"2025-12-04T20:06:31","slug":"retentor-semi-eixo-direito-renault-duster-8200276850","status":"publish","type":"product","link":"https:\/\/www.casadainjecao.com.br\/loja\/autopecas\/transmissao\/retentor-transmissao\/retentor-semi-eixo-direito-renault-duster-8200276850\/","title":{"rendered":"Retentor Semi Eixo Renault Duster &#8211; 8200276850"},"content":{"rendered":"<h1>Retendor do Semi Eixo &#8211; C\u00e2mbio Automatico DPO (28X56X7MM)<\/h1>\n<h3><strong>RENAULT<\/strong><\/h3>\n<h3>Renault Duster\u00a0 1.6 16v 2.0 16V F4R &#8211; 2001 a 2018<\/h3>\n<h3>Renault Megane 1.6 8v, 1.6 16v 2.0 8v &#8211; 1995 a 2016<\/h3>\n<h3>Renault Megane Grand Tour, Sedan, Cabriolet 1.6 16v 2.0 16v &#8211; 2001 a 2016<\/h3>\n<h3>Renault Megane Sedan 1.6 16v 2.0 8v 2.0 16v &#8211; 1996 a 2017<\/h3>\n<h3>Renault Laguna 2.0 16v 3.0 24v\u00a0 &#8211; 2000 a 2016<\/h3>\n<h3>Renault Laguna 2.0 8v 2.0 16v 3.0 12v 3.0 24v\u00a0 &#8211; 1993 a 2011<\/h3>\n<h3>Reanult Sandero 1.0 16 1.6 8v 1.6 16v &#8211; 2002 a 2013<\/h3>\n<h3>Renault Logan 1.0 16 1.6 8v 1.6 16v &#8211; 2002 a 2013<\/h3>\n<h3>Renault Captur 1.6 16v 2.0 16v &#8211; 2001 a 2020<\/h3>\n<h3>Renault Scenic 1.6 16v 2.0 8v 2.0 16v &#8211; 1996 a 2017<\/h3>\n<h3>Renault Grand Scenic \u00a02.0 16V F4R &#8211; 2002 a 2018<\/h3>\n<h3><strong>C\u00f3digo de refer\u00eancia:<\/strong><\/h3>\n<h3>8200276850, 7703087210<\/h3>\n<h5><strong>Condi\u00e7\u00f5es:<\/strong><\/h5>\n<h5>Novo Original \/ Marca Renault<\/h5>\n<h5>Especifica\u00e7\u00f5es:<\/h5>\n<h5>Medidas: (28X56X7MM)<\/h5>\n<h5><strong>Garantia:<\/strong><\/h5>\n<h5>3 Meses<\/h5>\n<h5>ATEN\u00c7\u00c3O: Antes de efetuar a compra verifique o c\u00f3digo da sua pe\u00e7a que est\u00e1 instalada no seu ve\u00edculo.<\/h5>\n<h5>O que \u00e9 e para que serve o retendor do semi eixo?<\/h5>\n<h5>Retentor de c\u00e2mbio\u00a0serve para reter fluidos, nesse caso, ele evita que o \u00f3leo do c\u00e2mbio escape e atinja outras pe\u00e7as. O c\u00e2mbio funciona com diversas embreagens para dar o movimento ao motor.<\/h5>\n<h5><\/h5>\n<h5>A Casa da Inje\u00e7\u00e3o oferece total garantia nos produtos comprados em nosso site.<\/h5>\n<ol>\n<li>\n<h5>Cada item \u00e9 rigorosamente testado antes do envio<\/h5>\n<\/li>\n<li>\n<h5>Se os itens estiverem danificados ou parcialmente defeituosos, entre em contato conosco.<\/h5>\n<\/li>\n<\/ol>\n<h5>Se houver qualquer defeito, n\u00f3s lhe enviaremos uma substitui\u00e7\u00e3o ap\u00f3s receber o pacote ou devolvemos seu dinheiro.<\/h5>\n<h5>Leia nossa<span style=\"color: #ff0000;\">\u00a0<a style=\"color: #ff0000;\" href=\"https:\/\/www.casadainjecao.com.br\/loja\/politica-de-devolucao\">pol\u00edtica de devolu\u00e7\u00e3o aqui<\/a><\/span><\/h5>\n<h5>\u2014\u2014\u2014\u2014\u2014\u2014\u2014\u2014\u2014\u2014\u2014\u2014\u2014\u2014\u2014\u2014\u2014\u2014\u2014\u2013<\/h5>\n<h5><strong>Tem alguma d\u00favida?<\/strong><\/h5>\n<h5>Entre em contato que podemos ajudar!<\/h5>\n<h5>Confira as informa\u00e7\u00f5es adicionais abaixo:<\/h5>\n<ul>\n<li>\n<h5>Todos os nossos produtos s\u00e3o novos, semi-novos, originais e paralelos possuem garantia.<\/h5>\n<\/li>\n<li>\n<h5>Todos os produtos anunciados est\u00e3o dispon\u00edveis em estoque e s\u00e3o enviados com extrema rapidez.<\/h5>\n<\/li>\n<li>\n<h5>O frete pode ser simulado antes de efetuar a compra, basta clicar em \u201cver custos de envio\u201d.<\/h5>\n<\/li>\n<li>\n<h5>Verifique o endere\u00e7o de entrega cadastrado e atualize caso necess\u00e1rio.<\/h5>\n<\/li>\n<li>\n<h5>Confirme se a pe\u00e7a \u00e9 correta para o seu modelo de ve\u00edculo.<\/h5>\n<\/li>\n<li>\n<h5>Para pe\u00e7as automotivas, recomendamos a instala\u00e7\u00e3o por um profissional especializado.<\/h5>\n<\/li>\n<\/ul>\n<h5>Caso possua outras d\u00favidas, entre em contato.<\/h5>\n","protected":false},"excerpt":{"rendered":"<h2>Retendor do Semi Eixo C\u00e2mbio Automatico DPO &#8211; 8200276850<\/h2>\n<h2><\/h2>\n","protected":false},"featured_media":33784,"template":"","meta":{"_seopress_robots_primary_cat":"none","_seopress_titles_title":"","_seopress_titles_desc":"","_seopress_robots_index":"","_joinchat":[]},"product_cat":[328,26],"product_tag":[173,52,1788,128,66,50,91,51],"berocket_brand":[394],"_links":{"self":[{"href":"https:\/\/www.casadainjecao.com.br\/loja\/wp-json\/wp\/v2\/product\/9027"}],"collection":[{"href":"https:\/\/www.casadainjecao.com.br\/loja\/wp-json\/wp\/v2\/product"}],"about":[{"href":"https:\/\/www.casadainjecao.com.br\/loja\/wp-json\/wp\/v2\/types\/product"}],"wp:featuredmedia":[{"embeddable":true,"href":"https:\/\/www.casadainjecao.com.br\/loja\/wp-json\/wp\/v2\/media\/33784"}],"wp:attachment":[{"href":"https:\/\/www.casadainjecao.com.br\/loja\/wp-json\/wp\/v2\/media?parent=9027"}],"wp:term":[{"taxonomy":"product_cat","embeddable":true,"href":"https:\/\/www.casadainjecao.com.br\/loja\/wp-json\/wp\/v2\/product_cat?post=9027"},{"taxonomy":"product_tag","embeddable":true,"href":"https:\/\/www.casadainjecao.com.br\/loja\/wp-json\/wp\/v2\/product_tag?post=9027"},{"taxonomy":"berocket_brand","embeddable":true,"href":"https:\/\/www.casadainjecao.com.br\/loja\/wp-json\/wp\/v2\/berocket_brand?post=9027"}],"curies":[{"name":"wp","href":"https:\/\/api.w.org\/{rel}","templated":true}]}}