{"id":9053,"date":"2021-03-15T09:06:39","date_gmt":"2021-03-15T12:06:39","guid":{"rendered":"http:\/\/www.casadainjecao.com.br\/loja\/?post_type=product&#038;p=9053"},"modified":"2026-03-17T14:19:22","modified_gmt":"2026-03-17T17:19:22","slug":"mola-do-comando-de-valvulas-renault-logan-7701479053","status":"publish","type":"product","link":"https:\/\/www.casadainjecao.com.br\/loja\/autopecas\/motor\/mola-de-valvula\/mola-do-comando-de-valvulas-renault-logan-7701479053\/","title":{"rendered":"Mola do Comando de Valvulas Renault Logan &#8211; 7701479053"},"content":{"rendered":"<h2>Mola do Comando de Valvulas Original<\/h2>\n<h3>Renault<\/h3>\n<h3>Logan 1.0 16v 1.6 8v 16v 2002\u00a0 2013<\/h3>\n<h3>Logan 1.0 16v 1.6 8v 16v 2013\u00a0 2022<\/h3>\n<h3>Sandero 1.0 16v 1.6 8v 16v 2002\u00a0 2013<\/h3>\n<h3>Sandero 1.0 12V 16v 1.6 8v 16v 2.016V 2013 a 2022<\/h3>\n<h3>Kangoo 1.0 8v 16v 1.6 8v 16v 1997 a 2018<\/h3>\n<h3>Kangoo Express 1.0 8v 16v 1.6 8v 16v 1997 a 2018<\/h3>\n<h3>Symbol 1.6 8v 16v 2007 a 2018<\/h3>\n<h3>C\u00f3digo de Refer\u00eancia:<\/h3>\n<h3>7701479053<\/h3>\n<h5><strong>Condi\u00e7\u00f5es:<\/strong><\/h5>\n<h5>Produto Novo Original \/ Marca Renault<\/h5>\n<h5><strong>Garantia:<\/strong><\/h5>\n<h5>3 Meses<\/h5>\n<h5><strong>ATEN\u00c7\u00c3O: Antes de efetuar a compra verifique o c\u00f3digo da sua pe\u00e7a que est\u00e1 instalado no seu ve\u00edculo.<\/strong><\/h5>\n<h5>A Casa da Inje\u00e7\u00e3o oferece total garantia nos produtos comprados em nosso site.<\/h5>\n<h5>Cada item \u00e9 rigorosamente testado antes do envio<\/h5>\n<h5>Se os itens estiverem danificados ou parcialmente defeituosos, entre em contato conosco.<\/h5>\n<h5>Procure um profissional devidamente licenciado para a instala\u00e7\u00e3o e fa\u00e7a revis\u00f5es periodicamente. A empresa n\u00e3o se responsabiliza por problemas oriundos da m\u00e1 instala\u00e7\u00e3o ou com a falta de cuidados peri\u00f3dicos dos componentes.<\/h5>\n<h5>Se houver qualquer defeito, n\u00f3s lhe enviaremos uma substitui\u00e7\u00e3o ap\u00f3s receber o pacote ou devolvemos seu dinheiro.<\/h5>\n<h5>Leia nossa\u00a0<a href=\"https:\/\/www.casadainjecao.com.br\/loja\/politica-de-devolucao\">pol\u00edtica de devolu\u00e7\u00e3o aqui<\/a><\/h5>\n<h5>\u2014\u2014\u2014\u2014\u2014\u2014\u2014\u2014\u2014\u2014\u2014\u2014\u2014\u2014\u2014\u2014\u2014\u2014\u2014\u2013<\/h5>\n<h5><strong>Tem alguma d\u00favida?<\/strong><\/h5>\n<h5>Entre em contato que podemos ajudar!<\/h5>\n<h5>Confira as informa\u00e7\u00f5es adicionais abaixo:<\/h5>\n<h5>Todos os nossos produtos s\u00e3o novos, semi-novos, originais e paralelos possuem garantia.<\/h5>\n<h5>Todos os produtos anunciados est\u00e3o dispon\u00edveis em estoque e s\u00e3o enviados com extrema rapidez.<\/h5>\n<h5>O frete pode ser simulado antes de efetuar a compra, basta clicar em \u201cver custos de envio\u201d.<\/h5>\n<h5>Verifique o endere\u00e7o de entrega cadastrado e atualize caso necess\u00e1rio.<\/h5>\n<h5>Confirme se a pe\u00e7a \u00e9 correta para o seu modelo de ve\u00edculo.<\/h5>\n<h5>Para pe\u00e7as automotivas, recomendamos a instala\u00e7\u00e3o por um profissional especializado.<\/h5>\n<h5>Caso possua outras d\u00favidas, entre em contato.<\/h5>\n","protected":false},"excerpt":{"rendered":"<h2>Mola do Comando de Valvulas Renault Logan &#8211; 7701479053<\/h2>\n","protected":false},"featured_media":9055,"template":"","meta":{"_seopress_robots_primary_cat":"none","_seopress_titles_title":"","_seopress_titles_desc":"","_seopress_robots_index":"","_joinchat":[]},"product_cat":[1352,227,22,244],"product_tag":[66,50,91,51],"berocket_brand":[394],"_links":{"self":[{"href":"https:\/\/www.casadainjecao.com.br\/loja\/wp-json\/wp\/v2\/product\/9053"}],"collection":[{"href":"https:\/\/www.casadainjecao.com.br\/loja\/wp-json\/wp\/v2\/product"}],"about":[{"href":"https:\/\/www.casadainjecao.com.br\/loja\/wp-json\/wp\/v2\/types\/product"}],"wp:featuredmedia":[{"embeddable":true,"href":"https:\/\/www.casadainjecao.com.br\/loja\/wp-json\/wp\/v2\/media\/9055"}],"wp:attachment":[{"href":"https:\/\/www.casadainjecao.com.br\/loja\/wp-json\/wp\/v2\/media?parent=9053"}],"wp:term":[{"taxonomy":"product_cat","embeddable":true,"href":"https:\/\/www.casadainjecao.com.br\/loja\/wp-json\/wp\/v2\/product_cat?post=9053"},{"taxonomy":"product_tag","embeddable":true,"href":"https:\/\/www.casadainjecao.com.br\/loja\/wp-json\/wp\/v2\/product_tag?post=9053"},{"taxonomy":"berocket_brand","embeddable":true,"href":"https:\/\/www.casadainjecao.com.br\/loja\/wp-json\/wp\/v2\/berocket_brand?post=9053"}],"curies":[{"name":"wp","href":"https:\/\/api.w.org\/{rel}","templated":true}]}}