{"id":906,"date":"2020-08-04T02:15:29","date_gmt":"2020-08-04T05:15:29","guid":{"rendered":"http:\/\/casadainjecao.com.br\/loja\/?post_type=product&#038;p=906"},"modified":"2026-04-25T20:44:29","modified_gmt":"2026-04-25T23:44:29","slug":"polia-guia-da-correia-poly-v-renault-clio-logan-scenic-8200598966","status":"publish","type":"product","link":"https:\/\/www.casadainjecao.com.br\/loja\/autopecas\/motor\/polias\/polia-guia-da-correia-poly-v-renault-clio-logan-scenic-8200598966\/","title":{"rendered":"Polia Guia Da Correia Poly V Renault Duster Megane  &#8211; "},"content":{"rendered":"<h1>Polia Guia Da Correia Poly V Original<\/h1>\n<h3>Renault Duster Expression, Dynamique flex 1.6 16v 2.0 16v (2001 a 2018)<\/h3>\n<h3>Renault M\u00e9gane I RN, RT, RXE, Alize, Egeus, Expression 1.6 8v 1.6 16v 2.0 8v (1995 a 2016)<\/h3>\n<h3>Renault Clio II SI, RL, RN, RT, Campus, Clio, Authentique, Expression, Dynamique, Privil\u00e9ge flex, hiflex, power, Alize 1.0 8v 1.0 16v 1.6 8v 1.6 16v (1998 a 2018)<\/h3>\n<h3>Renault Kangoo RN, RT, RL, Sportway, Authentique, Expression 1.0 8v 1.0 16v 1.6 8v 1.6 16v<\/h3>\n<h3>Renault Kangoo Express RL, RL hiflex, Authentique flex, Expression flex 1.0 8v 1.0 16v 1.6 8v 1.6v (1997 a 2018)<\/h3>\n<h3>Renault Sandero Authentique, Expression flex, RS flex, Vibe flex 1.0 16v 1.0 12v 1.6 8v 1.6 16v 2.0 16v (2013 a 2022)<\/h3>\n<h3>Renault Sandero II Authentique, Expression flex, RS flex, Vibe flex 1.0 16v 1.0 12v 1.6 8v 1.6 16v 2.0 16v (2013 a 2022)<\/h3>\n<h3>Renault Sc\u00e9nic I RN, RT, RXE, Alize, Egeus, Expression, Privil\u00e9ge, Privil\u00e9ge flex, Authentique, Sportway 1.6 16v 2.0 8v 2.0 16v (1996 a 2017)<\/h3>\n<h3>Renaul M\u00e9gane I Sedan Egeus, RT, RXE, Alize, Privil\u00e9ge 1.6 16 2.0 8v 2.0 16v (1996 a 2017)<\/h3>\n<h3>Renault Logan Authtentique, Expression flex, Privil\u00e9ge flex 1.0 16v 1.6 8v 1.6 16v (2002 a 2013)<\/h3>\n<h3>Renault Logan II Authentique, Expression flex, Dynamique flex, Stepway 1.0 16v 1.6 8v 1.6 16v (2013 a 2022)<\/h3>\n<h3>Renault Symbol Expression, Privil\u00e9ge, Connection, Privil\u00e9ge flex 1.6 8v 1.6 16v (2007 a 2018)<\/h3>\n<h3>C\u00f3digo de Refer\u00eancia:<\/h3>\n<h3>8200598966<\/h3>\n<h5><strong>Condi\u00e7\u00f5es:<\/strong><\/h5>\n<h5>Novo Original \/ Marca Renault<\/h5>\n<h5>Especifica\u00e7\u00f5es:<\/h5>\n<h5>altura 2,5cm largura 6,0cm<\/h5>\n<h5><strong>Garantia:<\/strong><\/h5>\n<h5>3 Meses<strong>\u00a0<\/strong><\/h5>\n<h5>ATEN\u00c7\u00c3O: Antes de efetuar a compra verifique o c\u00f3digo da sua pe\u00e7a que est\u00e1 instalada no seu ve\u00edculo.<\/h5>\n<h5><strong>APLICA\u00c7\u00c3O:<\/strong><\/h5>\n<h5>Linha Renault<\/h5>\n<h5><strong>O que \u00e9 e para que serve a Polia Guia da Correia?<\/strong><\/h5>\n<h5>A Polia Guia da correia \u00e9 um componente encontrado em sistemas de transmiss\u00e3o de ve\u00edculos que utilizam correias, como as correias do alternador, da dire\u00e7\u00e3o hidr\u00e1ulica, ou do ar-condicionado. Sua fun\u00e7\u00e3o principal \u00e9 guiar e manter a correia em uma trajet\u00f3ria espec\u00edfica, garantindo o correto funcionamento do sistema.<\/h5>\n<h5 class=\"western\">A Casa da Inje\u00e7\u00e3o oferece total garantia nos produtos comprados em nosso site.<\/h5>\n<h5 class=\"western\">Cada item \u00e9 rigorosamente testado antes do envio<\/h5>\n<h5 class=\"western\">Se os itens estiverem danificados ou parcialmente defeituosos, entre em contato conosco.<\/h5>\n<h5 class=\"western\">Procure um profissional devidamente licenciado para a instala\u00e7\u00e3o e fa\u00e7a revis\u00f5es periodicamente. A empresa n\u00e3o se responsabiliza por problemas oriundos da m\u00e1 instala\u00e7\u00e3o ou com a falta de cuidados peri\u00f3dicos dos componentes.<\/h5>\n<h5 class=\"western\">Se houver qualquer defeito, n\u00f3s lhe enviaremos uma substitui\u00e7\u00e3o ap\u00f3s receber o pacote ou devolvemos seu dinheiro.<\/h5>\n<h5 class=\"western\">Leia nossa\u00a0<span style=\"color: #0000ff;\"><a href=\"https:\/\/www.casadainjecao.com.br\/loja\/politica-de-devolucao\"><span style=\"color: #243f60;\">pol\u00edtica de devolu\u00e7\u00e3o aqui<\/span><\/a><\/span><\/h5>\n<h5 class=\"western\"><strong>Tem alguma d\u00favida?<\/strong><\/h5>\n<h5 class=\"western\">Entre em contato que podemos ajudar!<\/h5>\n<h5 class=\"western\">Confira as informa\u00e7\u00f5es adicionais abaixo:<\/h5>\n<h5 class=\"western\">Todos os nossos produtos s\u00e3o novos, semi-novos, originais e paralelos possuem garantia.<\/h5>\n<h5 class=\"western\">Todos os produtos anunciados est\u00e3o dispon\u00edveis em estoque e s\u00e3o enviados com extrema rapidez.<\/h5>\n<h5 class=\"western\">O frete pode ser simulado antes de efetuar a compra, basta clicar em \u201cver custos de envio\u201d.<\/h5>\n<h5 class=\"western\">Verifique o endere\u00e7o de entrega cadastrado e atualize caso necess\u00e1rio.<\/h5>\n<h5 class=\"western\">Confirme se a pe\u00e7a \u00e9 correta para o seu modelo de ve\u00edculo.<\/h5>\n<h5 class=\"western\">Para pe\u00e7as automotivas, recomendamos a instala\u00e7\u00e3o por um profissional especializado.<\/h5>\n<h5 class=\"western\">Caso possua outras d\u00favidas, entre em contato.<\/h5>\n","protected":false},"excerpt":{"rendered":"<h2>Polia Guia da Correia Poly V Renault Duster M\u00e9gane &#8211; 8200598966<\/h2>\n","protected":false},"featured_media":28688,"template":"","meta":{"_seopress_robots_primary_cat":"none","_seopress_titles_title":"","_seopress_titles_desc":"","_seopress_robots_index":"","_seopress_analysis_target_kw":"","_kad_blocks_custom_css":"","_kad_blocks_head_custom_js":"","_kad_blocks_body_custom_js":"","_kad_blocks_footer_custom_js":"","_kadence_starter_templates_imported_post":false,"_joinchat":[]},"product_brand":[],"product_cat":[22,231],"product_tag":[216,57,1886,66,1426,1844,91,1728,51,1843,89],"berocket_brand":[394],"class_list":{"0":"post-906","1":"product","2":"type-product","3":"status-publish","4":"has-post-thumbnail","6":"product_cat-motor","7":"product_cat-polias","8":"product_tag-clio-ii","9":"product_tag-kangoo","10":"product_tag-kangoo-express","11":"product_tag-logan","12":"product_tag-logan-ii","13":"product_tag-megane-i-sedan","14":"product_tag-sandero","15":"product_tag-sandero-ii","16":"product_tag-scenic","17":"product_tag-scenic-i","18":"product_tag-symbol","19":"berocket_brand-renault","20":"thunk-woo-product-list","21":"big-store-woo-hover-zoom","22":"open-single-product-tab-horizontal","23":"open-shadow-","24":"open-shadow-hover-","26":"first","27":"instock","28":"sale","29":"taxable","30":"shipping-taxable","31":"purchasable","32":"product-type-simple"},"taxonomy_info":{"product_cat":[{"value":22,"label":"Motor"},{"value":231,"label":"Polias"}],"product_tag":[{"value":216,"label":"Clio II"},{"value":57,"label":"Kangoo"},{"value":1886,"label":"Kangoo Express"},{"value":66,"label":"Logan"},{"value":1426,"label":"Logan II"},{"value":1844,"label":"Megane I Sedan"},{"value":91,"label":"Sandero"},{"value":1728,"label":"Sandero II"},{"value":51,"label":"Scenic"},{"value":1843,"label":"Scenic\u00a0 I"},{"value":89,"label":"Symbol"}],"berocket_brand":[{"value":394,"label":"Renault"}]},"featured_image_src_large":["https:\/\/www.casadainjecao.com.br\/loja\/wp-content\/uploads\/2020\/08\/8200598966-2-900x675.jpg",640,480,true],"author_info":[],"comment_info":"","_links":{"self":[{"href":"https:\/\/www.casadainjecao.com.br\/loja\/wp-json\/wp\/v2\/product\/906","targetHints":{"allow":["GET"]}}],"collection":[{"href":"https:\/\/www.casadainjecao.com.br\/loja\/wp-json\/wp\/v2\/product"}],"about":[{"href":"https:\/\/www.casadainjecao.com.br\/loja\/wp-json\/wp\/v2\/types\/product"}],"wp:featuredmedia":[{"embeddable":true,"href":"https:\/\/www.casadainjecao.com.br\/loja\/wp-json\/wp\/v2\/media\/28688"}],"wp:attachment":[{"href":"https:\/\/www.casadainjecao.com.br\/loja\/wp-json\/wp\/v2\/media?parent=906"}],"wp:term":[{"taxonomy":"product_brand","embeddable":true,"href":"https:\/\/www.casadainjecao.com.br\/loja\/wp-json\/wp\/v2\/product_brand?post=906"},{"taxonomy":"product_cat","embeddable":true,"href":"https:\/\/www.casadainjecao.com.br\/loja\/wp-json\/wp\/v2\/product_cat?post=906"},{"taxonomy":"product_tag","embeddable":true,"href":"https:\/\/www.casadainjecao.com.br\/loja\/wp-json\/wp\/v2\/product_tag?post=906"},{"taxonomy":"berocket_brand","embeddable":true,"href":"https:\/\/www.casadainjecao.com.br\/loja\/wp-json\/wp\/v2\/berocket_brand?post=906"}],"curies":[{"name":"wp","href":"https:\/\/api.w.org\/{rel}","templated":true}]}}