{"id":9097,"date":"2021-03-15T12:16:12","date_gmt":"2021-03-15T15:16:12","guid":{"rendered":"http:\/\/www.casadainjecao.com.br\/loja\/?post_type=product&#038;p=9097"},"modified":"2023-03-14T10:55:06","modified_gmt":"2023-03-14T13:55:06","slug":"mangueira-da-bomba-direcao-hidraulica-renault-master-8200191094","status":"publish","type":"product","link":"https:\/\/www.casadainjecao.com.br\/loja\/autopecas\/motor\/direcao-hidraulica\/mangueira-da-bomba-direcao-hidraulica-renault-master-8200191094\/","title":{"rendered":"Mangueira da Bomba Dire\u00e7\u00e3o Hidraulica Renault Master II &#"},"content":{"rendered":"<h1>Mangueira da Bomba Dire\u00e7\u00e3o Hidraulica Renault Master II- 8200194094<\/h1>\n","protected":false},"excerpt":{"rendered":"<h2>Mangueira da Bomba Dire\u00e7\u00e3o Hidraulica<\/h2>\n<h2>Renault Master II<\/h2>\n<h2>Codigo:- 8200194094 c=188<\/h2>\n","protected":false},"featured_media":9101,"template":"","meta":{"_seopress_robots_primary_cat":"none","_seopress_titles_title":"","_seopress_titles_desc":"","_seopress_robots_index":"","_joinchat":[]},"product_cat":[217,223,22],"product_tag":[81],"berocket_brand":[394],"_links":{"self":[{"href":"https:\/\/www.casadainjecao.com.br\/loja\/wp-json\/wp\/v2\/product\/9097"}],"collection":[{"href":"https:\/\/www.casadainjecao.com.br\/loja\/wp-json\/wp\/v2\/product"}],"about":[{"href":"https:\/\/www.casadainjecao.com.br\/loja\/wp-json\/wp\/v2\/types\/product"}],"wp:featuredmedia":[{"embeddable":true,"href":"https:\/\/www.casadainjecao.com.br\/loja\/wp-json\/wp\/v2\/media\/9101"}],"wp:attachment":[{"href":"https:\/\/www.casadainjecao.com.br\/loja\/wp-json\/wp\/v2\/media?parent=9097"}],"wp:term":[{"taxonomy":"product_cat","embeddable":true,"href":"https:\/\/www.casadainjecao.com.br\/loja\/wp-json\/wp\/v2\/product_cat?post=9097"},{"taxonomy":"product_tag","embeddable":true,"href":"https:\/\/www.casadainjecao.com.br\/loja\/wp-json\/wp\/v2\/product_tag?post=9097"},{"taxonomy":"berocket_brand","embeddable":true,"href":"https:\/\/www.casadainjecao.com.br\/loja\/wp-json\/wp\/v2\/berocket_brand?post=9097"}],"curies":[{"name":"wp","href":"https:\/\/api.w.org\/{rel}","templated":true}]}}