{"id":9270,"date":"2021-03-19T09:47:25","date_gmt":"2021-03-19T12:47:25","guid":{"rendered":"http:\/\/www.casadainjecao.com.br\/loja\/?post_type=product&#038;p=9270"},"modified":"2021-03-19T09:47:28","modified_gmt":"2021-03-19T12:47:28","slug":"comutador-de-ignicao-renault-trafic-7703073688","status":"publish","type":"product","link":"https:\/\/www.casadainjecao.com.br\/loja\/autopecas\/eletrica\/comutadores\/comutador-de-ignicao-renault-trafic-7703073688\/","title":{"rendered":"Comutador de Igni\u00e7\u00e3o Renault Trafic &#8211; 7703073688"},"content":{"rendered":"<h1>Comutador de Igni\u00e7\u00e3o Renault Trafic &#8211; 7703073688<\/h1>\n","protected":false},"excerpt":{"rendered":"<h2>Comutador de Igni\u00e7\u00e3o Original<\/h2>\n<h2>Renault Trafic<\/h2>\n<h2>Codigo:- 7703073688 c=11g<\/h2>\n","protected":false},"featured_media":9272,"template":"","meta":{"_seopress_robots_primary_cat":"","_seopress_titles_title":"","_seopress_titles_desc":"","_seopress_robots_index":"","_joinchat":[]},"product_cat":[134,17],"product_tag":[413],"berocket_brand":[394],"_links":{"self":[{"href":"https:\/\/www.casadainjecao.com.br\/loja\/wp-json\/wp\/v2\/product\/9270"}],"collection":[{"href":"https:\/\/www.casadainjecao.com.br\/loja\/wp-json\/wp\/v2\/product"}],"about":[{"href":"https:\/\/www.casadainjecao.com.br\/loja\/wp-json\/wp\/v2\/types\/product"}],"wp:featuredmedia":[{"embeddable":true,"href":"https:\/\/www.casadainjecao.com.br\/loja\/wp-json\/wp\/v2\/media\/9272"}],"wp:attachment":[{"href":"https:\/\/www.casadainjecao.com.br\/loja\/wp-json\/wp\/v2\/media?parent=9270"}],"wp:term":[{"taxonomy":"product_cat","embeddable":true,"href":"https:\/\/www.casadainjecao.com.br\/loja\/wp-json\/wp\/v2\/product_cat?post=9270"},{"taxonomy":"product_tag","embeddable":true,"href":"https:\/\/www.casadainjecao.com.br\/loja\/wp-json\/wp\/v2\/product_tag?post=9270"},{"taxonomy":"berocket_brand","embeddable":true,"href":"https:\/\/www.casadainjecao.com.br\/loja\/wp-json\/wp\/v2\/berocket_brand?post=9270"}],"curies":[{"name":"wp","href":"https:\/\/api.w.org\/{rel}","templated":true}]}}