{"id":9284,"date":"2021-03-19T11:13:05","date_gmt":"2021-03-19T14:13:05","guid":{"rendered":"http:\/\/www.casadainjecao.com.br\/loja\/?post_type=product&#038;p=9284"},"modified":"2022-10-05T15:40:59","modified_gmt":"2022-10-05T18:40:59","slug":"tampa-do-puxador-da-forracao-da-porta-dianteira-direita-renault-logan-809600855r","status":"publish","type":"product","link":"https:\/\/www.casadainjecao.com.br\/loja\/autopecas\/interior\/forros-de-porta\/tampa-do-puxador-da-forracao-da-porta-dianteira-direita-renault-logan-809600855r\/","title":{"rendered":"Tampa do Puxador da Forra\u00e7\u00e3o da Porta Dianteira Renault Lo"},"content":{"rendered":"<h1>Tampa do Puxador da Forra\u00e7\u00e3o da Porta Dianteira Renault Logan &#8211; 809600855r<\/h1>\n","protected":false},"excerpt":{"rendered":"<h2>Tampa do Puxador da Forra\u00e7\u00e3o da Porta Dianteira Direita\u00a0 Renault Logan Sandero<\/h2>\n<h2>Codigo:- 809600855r c=84<\/h2>\n","protected":false},"featured_media":9289,"template":"","meta":{"_seopress_robots_primary_cat":"none","_seopress_titles_title":"","_seopress_titles_desc":"","_seopress_robots_index":"","_seopress_analysis_target_kw":"","_kad_blocks_custom_css":"","_kad_blocks_head_custom_js":"","_kad_blocks_body_custom_js":"","_kad_blocks_footer_custom_js":"","_kadence_starter_templates_imported_post":false,"_joinchat":[]},"product_brand":[],"product_cat":[350,24],"product_tag":[66],"berocket_brand":[394],"class_list":{"0":"post-9284","1":"product","2":"type-product","3":"status-publish","4":"has-post-thumbnail","6":"product_cat-forros-de-porta","7":"product_cat-interior","8":"product_tag-logan","9":"berocket_brand-renault","10":"thunk-woo-product-list","11":"big-store-woo-hover-zoom","12":"open-single-product-tab-horizontal","13":"open-shadow-","14":"open-shadow-hover-","16":"first","17":"instock","18":"sale","19":"taxable","20":"shipping-taxable","21":"purchasable","22":"product-type-simple"},"taxonomy_info":{"product_cat":[{"value":350,"label":"Forros de Porta"},{"value":24,"label":"Interior"}],"product_tag":[{"value":66,"label":"Logan"}],"berocket_brand":[{"value":394,"label":"Renault"}]},"featured_image_src_large":["https:\/\/www.casadainjecao.com.br\/loja\/wp-content\/uploads\/2021\/03\/809600855ra-e1635369926808-387x780.png",387,780,true],"author_info":[],"comment_info":"","_links":{"self":[{"href":"https:\/\/www.casadainjecao.com.br\/loja\/wp-json\/wp\/v2\/product\/9284","targetHints":{"allow":["GET"]}}],"collection":[{"href":"https:\/\/www.casadainjecao.com.br\/loja\/wp-json\/wp\/v2\/product"}],"about":[{"href":"https:\/\/www.casadainjecao.com.br\/loja\/wp-json\/wp\/v2\/types\/product"}],"wp:featuredmedia":[{"embeddable":true,"href":"https:\/\/www.casadainjecao.com.br\/loja\/wp-json\/wp\/v2\/media\/9289"}],"wp:attachment":[{"href":"https:\/\/www.casadainjecao.com.br\/loja\/wp-json\/wp\/v2\/media?parent=9284"}],"wp:term":[{"taxonomy":"product_brand","embeddable":true,"href":"https:\/\/www.casadainjecao.com.br\/loja\/wp-json\/wp\/v2\/product_brand?post=9284"},{"taxonomy":"product_cat","embeddable":true,"href":"https:\/\/www.casadainjecao.com.br\/loja\/wp-json\/wp\/v2\/product_cat?post=9284"},{"taxonomy":"product_tag","embeddable":true,"href":"https:\/\/www.casadainjecao.com.br\/loja\/wp-json\/wp\/v2\/product_tag?post=9284"},{"taxonomy":"berocket_brand","embeddable":true,"href":"https:\/\/www.casadainjecao.com.br\/loja\/wp-json\/wp\/v2\/berocket_brand?post=9284"}],"curies":[{"name":"wp","href":"https:\/\/api.w.org\/{rel}","templated":true}]}}