{"id":9306,"date":"2021-03-19T13:31:50","date_gmt":"2021-03-19T16:31:50","guid":{"rendered":"http:\/\/www.casadainjecao.com.br\/loja\/?post_type=product&#038;p=9306"},"modified":"2025-11-28T17:19:32","modified_gmt":"2025-11-28T20:19:32","slug":"botao-trava-do-vidro-eletrico-renault-clio-8200542278","status":"publish","type":"product","link":"https:\/\/www.casadainjecao.com.br\/loja\/autopecas\/eletrica\/botoes\/botao-trava-do-vidro-eletrico-renault-clio-8200542278\/","title":{"rendered":"Bot\u00e3o Trava do Vidros El\u00e9trico Renault Clio Duster Origina"},"content":{"rendered":"<h2>Bot\u00e3o da Trava do Vidros El\u00e9trico 6 Pinos Original<\/h2>\n<p><strong>RENAULT\u00a0<\/strong><\/p>\n<p>Renault Clio II SI, RL, RT, Campus, Clio, Authentique, Expression, Dynamique, Privil\u00e9ge flex, hifle, power, Alize 1.08v 16v 1.6 8v 16v (1998 a 2018)<\/p>\n<p>Renault Logan<\/p>\n<p>Renault Sandero<\/p>\n<p>Renault Symbol Expression, Privil\u00e9ge, Connection, Privil\u00e9ge flex 1.6 8v 16v (2007 a 2018)<\/p>\n<p>Renault Duster Expression, Dynamique flex 1.6 16v 2.0 16v (2001 a 2018)<\/p>\n<p>Renault M\u00e9gane<\/p>\n<p>Renault Kwid Life, Zen, Intense flex 1.0 (2001 a 2020)<\/p>\n<h4>C\u00f3digo de Refer\u00eancia:<\/h4>\n<p>8200542278<\/p>\n<h4>Condi\u00e7\u00f5es:<\/h4>\n<p>Produto Novo Original \/ Marca Renault<\/p>\n<h4>Garantia:<\/h4>\n<p>3 Meses<\/p>\n<h4>ATEN\u00c7\u00c3O: Antes de efetuar a compra verifique o c\u00f3digo da sua pe\u00e7a que est\u00e1 instalada no seu ve\u00edculo.<\/h4>\n<h4>O que \u00e9 e para que serve o Bot\u00e3o Trava do Vidros El\u00e9trico?<\/h4>\n<p>O Bot\u00e3o de trava dos vidros el\u00e9tricos serve para controlar a ativa\u00e7\u00e3o ou desativa\u00e7\u00e3o dos comandos dos vidros el\u00e9tricos dos passageiros em um ve\u00edculo.<\/p>\n<p>&nbsp;<\/p>\n<p>A Casa da Inje\u00e7\u00e3o oferece total garantia nos produtos comprados em nosso site.<\/p>\n<p>Cada item \u00e9 rigorosamente testado antes do envio<\/p>\n<p>Se os itens estiverem danificados ou parcialmente defeituosos, entre em contato conosco.<\/p>\n<p>Procure um profissional devidamente licenciado para a instala\u00e7\u00e3o e fa\u00e7a revis\u00f5es periodicamente. A empresa n\u00e3o se responsabiliza por problemas oriundos da m\u00e1 instala\u00e7\u00e3o ou com a falta de cuidados peri\u00f3dicos dos componentes.<\/p>\n<p>Se houver qualquer defeito, n\u00f3s lhe enviaremos uma substitui\u00e7\u00e3o ap\u00f3s receber o pacote ou devolvemos seu dinheiro.<\/p>\n<p>Leia nossa\u00a0<a href=\"https:\/\/www.casadainjecao.com.br\/loja\/politica-de-devolucao\">pol\u00edtica de devolu\u00e7\u00e3o aqui<\/a><\/p>\n<p>\u2014\u2014\u2014\u2014\u2014\u2014\u2014\u2014\u2014\u2014\u2014\u2014\u2014\u2014\u2014\u2014\u2014\u2014\u2014\u2013<\/p>\n<p>Tem alguma d\u00favida?<\/p>\n<p>Entre em contato que podemos ajudar!<\/p>\n<p>Confira as informa\u00e7\u00f5es adicionais abaixo:<\/p>\n<p>Todos os nossos produtos s\u00e3o novos, semi-novos, originais e paralelos possuem garantia.<\/p>\n<p>Todos os produtos anunciados est\u00e3o dispon\u00edveis em estoque e s\u00e3o enviados com extrema rapidez.<\/p>\n<p>O frete pode ser simulado antes de efetuar a compra, basta clicar em \u201cver custos de envio\u201d.<\/p>\n<p>Verifique o endere\u00e7o de entrega cadastrado e atualize caso necess\u00e1rio.<\/p>\n<p>Confirme se a pe\u00e7a \u00e9 correta para o seu modelo de ve\u00edculo.<\/p>\n<p>Para pe\u00e7as automotivas, recomendamos a instala\u00e7\u00e3o por um profissional especializado.<\/p>\n<p>Caso possua outras d\u00favidas, entre em contato.<\/p>\n","protected":false},"excerpt":{"rendered":"<h2>Bot\u00e3o Trava do Vidro El\u00e9trico Renault Clio Duster Original &#8211; 8200542278<\/h2>\n<h2><\/h2>\n<h2><\/h2>\n","protected":false},"featured_media":22193,"template":"","meta":{"_seopress_robots_primary_cat":"none","_seopress_titles_title":"","_seopress_titles_desc":"","_seopress_robots_index":"","_joinchat":[]},"product_cat":[118,17],"product_tag":[49,52,1372,66,50,91,89],"berocket_brand":[394],"_links":{"self":[{"href":"https:\/\/www.casadainjecao.com.br\/loja\/wp-json\/wp\/v2\/product\/9306"}],"collection":[{"href":"https:\/\/www.casadainjecao.com.br\/loja\/wp-json\/wp\/v2\/product"}],"about":[{"href":"https:\/\/www.casadainjecao.com.br\/loja\/wp-json\/wp\/v2\/types\/product"}],"wp:featuredmedia":[{"embeddable":true,"href":"https:\/\/www.casadainjecao.com.br\/loja\/wp-json\/wp\/v2\/media\/22193"}],"wp:attachment":[{"href":"https:\/\/www.casadainjecao.com.br\/loja\/wp-json\/wp\/v2\/media?parent=9306"}],"wp:term":[{"taxonomy":"product_cat","embeddable":true,"href":"https:\/\/www.casadainjecao.com.br\/loja\/wp-json\/wp\/v2\/product_cat?post=9306"},{"taxonomy":"product_tag","embeddable":true,"href":"https:\/\/www.casadainjecao.com.br\/loja\/wp-json\/wp\/v2\/product_tag?post=9306"},{"taxonomy":"berocket_brand","embeddable":true,"href":"https:\/\/www.casadainjecao.com.br\/loja\/wp-json\/wp\/v2\/berocket_brand?post=9306"}],"curies":[{"name":"wp","href":"https:\/\/api.w.org\/{rel}","templated":true}]}}