{"id":9326,"date":"2021-03-19T14:17:38","date_gmt":"2021-03-19T17:17:38","guid":{"rendered":"http:\/\/www.casadainjecao.com.br\/loja\/?post_type=product&#038;p=9326"},"modified":"2021-12-18T16:02:56","modified_gmt":"2021-12-18T19:02:56","slug":"botao-trava-eletrica-das-portas-renault-logan-sandero-duster-251108592r","status":"publish","type":"product","link":"https:\/\/www.casadainjecao.com.br\/loja\/autopecas\/eletrica\/botoes\/botao-trava-eletrica-das-portas-renault-logan-sandero-duster-251108592r\/","title":{"rendered":"Bot\u00e3o Trava El\u00e9trica das Portas Renault Logan Sandero Dust"},"content":{"rendered":"<h1>Bot\u00e3o Trava El\u00e9trica das Portas Renault Logan Sandero Duster &#8211; 251108592r<\/h1>\n","protected":false},"excerpt":{"rendered":"<h2>Bot\u00e3o Trava El\u00e9trica das Portas<\/h2>\n<h2>Renault Logan Sandero Duster<\/h2>\n<h2>Codigo:- 251108592r<\/h2>\n","protected":false},"featured_media":9328,"template":"","meta":{"_seopress_robots_primary_cat":"none","_seopress_titles_title":"","_seopress_titles_desc":"","_seopress_robots_index":"","_seopress_analysis_target_kw":"","_kad_blocks_custom_css":"","_kad_blocks_head_custom_js":"","_kad_blocks_body_custom_js":"","_kad_blocks_footer_custom_js":"","_kadence_starter_templates_imported_post":false,"_joinchat":[]},"product_brand":[],"product_cat":[118,17],"product_tag":[52,66,91],"berocket_brand":[394],"class_list":{"0":"post-9326","1":"product","2":"type-product","3":"status-publish","4":"has-post-thumbnail","6":"product_cat-botoes","7":"product_cat-eletrica","8":"product_tag-duster","9":"product_tag-logan","10":"product_tag-sandero","11":"berocket_brand-renault","12":"thunk-woo-product-list","13":"big-store-woo-hover-zoom","14":"open-single-product-tab-horizontal","15":"open-shadow-","16":"open-shadow-hover-","18":"first","19":"instock","20":"sale","21":"taxable","22":"shipping-taxable","23":"purchasable","24":"product-type-simple"},"taxonomy_info":{"product_cat":[{"value":118,"label":"Bot\u00f5es"},{"value":17,"label":"El\u00e9trica"}],"product_tag":[{"value":52,"label":"Duster"},{"value":66,"label":"Logan"},{"value":91,"label":"Sandero"}],"berocket_brand":[{"value":394,"label":"Renault"}]},"featured_image_src_large":["https:\/\/www.casadainjecao.com.br\/loja\/wp-content\/uploads\/2021\/03\/252108592ra.png",640,608,false],"author_info":[],"comment_info":"","_links":{"self":[{"href":"https:\/\/www.casadainjecao.com.br\/loja\/wp-json\/wp\/v2\/product\/9326","targetHints":{"allow":["GET"]}}],"collection":[{"href":"https:\/\/www.casadainjecao.com.br\/loja\/wp-json\/wp\/v2\/product"}],"about":[{"href":"https:\/\/www.casadainjecao.com.br\/loja\/wp-json\/wp\/v2\/types\/product"}],"wp:featuredmedia":[{"embeddable":true,"href":"https:\/\/www.casadainjecao.com.br\/loja\/wp-json\/wp\/v2\/media\/9328"}],"wp:attachment":[{"href":"https:\/\/www.casadainjecao.com.br\/loja\/wp-json\/wp\/v2\/media?parent=9326"}],"wp:term":[{"taxonomy":"product_brand","embeddable":true,"href":"https:\/\/www.casadainjecao.com.br\/loja\/wp-json\/wp\/v2\/product_brand?post=9326"},{"taxonomy":"product_cat","embeddable":true,"href":"https:\/\/www.casadainjecao.com.br\/loja\/wp-json\/wp\/v2\/product_cat?post=9326"},{"taxonomy":"product_tag","embeddable":true,"href":"https:\/\/www.casadainjecao.com.br\/loja\/wp-json\/wp\/v2\/product_tag?post=9326"},{"taxonomy":"berocket_brand","embeddable":true,"href":"https:\/\/www.casadainjecao.com.br\/loja\/wp-json\/wp\/v2\/berocket_brand?post=9326"}],"curies":[{"name":"wp","href":"https:\/\/api.w.org\/{rel}","templated":true}]}}