{"id":9339,"date":"2021-03-19T15:05:25","date_gmt":"2021-03-19T18:05:25","guid":{"rendered":"http:\/\/www.casadainjecao.com.br\/loja\/?post_type=product&#038;p=9339"},"modified":"2026-05-05T15:34:31","modified_gmt":"2026-05-05T18:34:31","slug":"pinca-de-freio-dianteira-renault-logan-vfcc-03990","status":"publish","type":"product","link":"https:\/\/www.casadainjecao.com.br\/loja\/autopecas\/freios\/pincas-de-freio\/pinca-de-freio-dianteira-renault-logan-vfcc-03990\/","title":{"rendered":"Pin\u00e7a de Freio Dianteira Esquerda Renault Sandero &#8211; V"},"content":{"rendered":"<h1>Pin\u00e7a de Freio Dianteira Esquerda Nova Original<\/h1>\n<h3><strong>Renault\u00a0<\/strong><\/h3>\n<h3>Renault Logan 1.6 8v 2007 a 2018<\/h3>\n<h3>Renault Sandero 1.6 8v 2007 a 2018<\/h3>\n<h3>C\u00f3digo de Refer\u00eancia:<\/h3>\n<h3>VFCC 03990, 41019288r, 410112505r, 7701201769, 600154616, 7701207958, 7701499301, 7701499274, 410118579r, 410117724r, 410119174r<\/h3>\n<h5>Condi\u00e7\u00f5es:<\/h5>\n<h5>Produto Novo Original \/ Marca Renault<\/h5>\n<h5>Garantia:<\/h5>\n<h5>3 Meses<\/h5>\n<h5>ATEN\u00c7\u00c3O: Antes de efetuar a compra verifique o c\u00f3digo da sua pe\u00e7a que est\u00e1 instalado no seu ve\u00edculo.<\/h5>\n<h5>O que \u00e9 e para que serve a Pin\u00e7a de Freio Dianteira?<\/h5>\n<h5>A principal fun\u00e7\u00e3o da pin\u00e7a de freio\u00a0\u00e9 aplicar press\u00e3o \u00e0s pastilhas de\u00a0freio, que por sua vez pressionam o disco de\u00a0freio\u00a0(tamb\u00e9m conhecido como rotor). Isso gera atrito entre as pastilhas e o disco, resultando na desacelera\u00e7\u00e3o ou parada do ve\u00edculo.<\/h5>\n<h5><\/h5>\n<h5>A Casa da Inje\u00e7\u00e3o oferece total garantia nos produtos comprados em nosso site.<\/h5>\n<h5>Cada item \u00e9 rigorosamente testado antes do envio<\/h5>\n<h5>Se os itens estiverem danificados ou parcialmente defeituosos, entre em contato conosco.<\/h5>\n<h5>Procure um profissional devidamente licenciado para a instala\u00e7\u00e3o e fa\u00e7a revis\u00f5es periodicamente. A empresa n\u00e3o se responsabiliza por problemas oriundos da m\u00e1 instala\u00e7\u00e3o ou com a falta de cuidados peri\u00f3dicos dos componentes.<\/h5>\n<h5>Se houver qualquer defeito, n\u00f3s lhe enviaremos uma substitui\u00e7\u00e3o ap\u00f3s receber o pacote ou devolvemos seu dinheiro.<\/h5>\n<h5>Leia nossa\u00a0<a href=\"https:\/\/www.casadainjecao.com.br\/loja\/politica-de-devolucao\">pol\u00edtica de devolu\u00e7\u00e3o aqui<\/a><\/h5>\n<h5>\u2014\u2014\u2014\u2014\u2014\u2014\u2014\u2014\u2014\u2014\u2014\u2014\u2014\u2014\u2014\u2014\u2014\u2014\u2014\u2013<\/h5>\n<h5>Tem alguma d\u00favida?<\/h5>\n<h5>Entre em contato que podemos ajudar!<\/h5>\n<h5>Confira as informa\u00e7\u00f5es adicionais abaixo:<\/h5>\n<h5>Todos os nossos produtos s\u00e3o novos, semi-novos, originais e paralelos possuem garantia.<\/h5>\n<h5>Todos os produtos anunciados est\u00e3o dispon\u00edveis em estoque e s\u00e3o enviados com extrema rapidez.<\/h5>\n<h5>O frete pode ser simulado antes de efetuar a compra, basta clicar em \u201cver custos de envio\u201d.<\/h5>\n<h5>Verifique o endere\u00e7o de entrega cadastrado e atualize caso necess\u00e1rio.<\/h5>\n<h5>Confirme se a pe\u00e7a \u00e9 correta para o seu modelo de ve\u00edculo.<\/h5>\n<h5>Para pe\u00e7as automotivas, recomendamos a instala\u00e7\u00e3o por um profissional especializado.<\/h5>\n<h5>Caso possua outras d\u00favidas, entre em contato.<\/h5>\n","protected":false},"excerpt":{"rendered":"<h2>Pin\u00e7a de Freio Dianteira Esquerda Renault Logan Sandero &#8211; VFCC 03990<\/h2>\n","protected":false},"featured_media":31904,"template":"","meta":{"_seopress_robots_primary_cat":"none","_seopress_titles_title":"","_seopress_titles_desc":"","_seopress_robots_index":"","_kad_blocks_custom_css":"","_kad_blocks_head_custom_js":"","_kad_blocks_body_custom_js":"","_kad_blocks_footer_custom_js":"","_joinchat":[]},"product_cat":[20,184],"product_tag":[66,91],"berocket_brand":[394],"taxonomy_info":{"product_cat":[{"value":20,"label":"Freios"},{"value":184,"label":"Pin\u00e7as de Freio"}],"product_tag":[{"value":66,"label":"Logan"},{"value":91,"label":"Sandero"}],"berocket_brand":[{"value":394,"label":"Renault"}]},"featured_image_src_large":["https:\/\/www.casadainjecao.com.br\/loja\/wp-content\/uploads\/2021\/03\/Pinca-de-Freio-Dianteira-Renault-Logan-Sandero-I-freio-nova-original-VFCC03990-920x920.jpg",640,640,true],"author_info":[],"comment_info":"","_links":{"self":[{"href":"https:\/\/www.casadainjecao.com.br\/loja\/wp-json\/wp\/v2\/product\/9339"}],"collection":[{"href":"https:\/\/www.casadainjecao.com.br\/loja\/wp-json\/wp\/v2\/product"}],"about":[{"href":"https:\/\/www.casadainjecao.com.br\/loja\/wp-json\/wp\/v2\/types\/product"}],"wp:featuredmedia":[{"embeddable":true,"href":"https:\/\/www.casadainjecao.com.br\/loja\/wp-json\/wp\/v2\/media\/31904"}],"wp:attachment":[{"href":"https:\/\/www.casadainjecao.com.br\/loja\/wp-json\/wp\/v2\/media?parent=9339"}],"wp:term":[{"taxonomy":"product_cat","embeddable":true,"href":"https:\/\/www.casadainjecao.com.br\/loja\/wp-json\/wp\/v2\/product_cat?post=9339"},{"taxonomy":"product_tag","embeddable":true,"href":"https:\/\/www.casadainjecao.com.br\/loja\/wp-json\/wp\/v2\/product_tag?post=9339"},{"taxonomy":"berocket_brand","embeddable":true,"href":"https:\/\/www.casadainjecao.com.br\/loja\/wp-json\/wp\/v2\/berocket_brand?post=9339"}],"curies":[{"name":"wp","href":"https:\/\/api.w.org\/{rel}","templated":true}]}}