{"id":9378,"date":"2021-03-22T09:41:11","date_gmt":"2021-03-22T12:41:11","guid":{"rendered":"http:\/\/www.casadainjecao.com.br\/loja\/?post_type=product&#038;p=9378"},"modified":"2025-05-08T14:37:21","modified_gmt":"2025-05-08T17:37:21","slug":"rolamento-do-semi-eixo-renault-clio-laguna-master-7701071133","status":"publish","type":"product","link":"https:\/\/www.casadainjecao.com.br\/loja\/autopecas\/transmissao\/rolamentos-transmissao\/rolamento-do-semi-eixo-renault-clio-laguna-master-7701071133\/","title":{"rendered":"Rolamento Semi Eixo Renault Clio Laguna Master &#8211; 77010"},"content":{"rendered":"<h2>Rolamento do Semi Eixo<\/h2>\n<ul>\n<li><strong>RENAULT<\/strong><\/li>\n<li>Renault Clio II SI, RL, RT, RN, Alize, Expression, Authentique, Clio, Clio (flex), Privil\u00e9ge (flex, power, hiflex), Campus, Dynamique (power, flex) 1.0 8v 1.0 16v 1.6 8v 1.6 16v &#8211; 1998 a 2018<\/li>\n<li>Renault Laguna II Expression, Privil\u00e9ge 2.0 16v 3.0 24v &#8211; 2002 a 2016<\/li>\n<li>Renault Master II L1H1, L2H2, L3H2, L2H1, Furg\u00e3o 2.5 16v 2.8 8v &#8211; 1997 a 2018<\/li>\n<li>Renault Master III 2.3 16v &#8211; 2001 a 2020<\/li>\n<li>Renault M\u00e9gane II Dynamique (flex), Expression, Privil\u00e9ge,\u00a0 Extreme (flex) 1.6 16v 2.0 16v &#8211; 2001 a 2016<\/li>\n<li>Renault Sc\u00e9nic I RT, RXE, Egeus, Alize, Expression, Authentique, Privil\u00e9ge, Privil\u00e9ge (flex), Sportway 1.6 16v 2.0 8v 2.0 16v &#8211; 1996 a 2017<\/li>\n<li>Renault Safrane RXE 3.0 12v &#8211; 1992 a 2007<\/li>\n<li>Renault Grand Sc\u00e9nic Dynamique 2.0 16v &#8211; 2002 a 2018<\/li>\n<li>M\u00e9gane I Sedan Egeus, RT, RXE, Alize, Privil\u00e9ge 1.0 16v 1.6 8v 1.6 16v &#8211; 2002 a 2013<\/li>\n<li>Symbol Expression, Privil\u00e9ge (flex), Connection (flex) 1.6 8v 1.6 16v &#8211; 2007 a 2018<\/li>\n<li>Fluence Dynamique (flex), Privil\u00e9ge (flex), El\u00e9trico, Expression, GT 1.6 16v 2.0 16v &#8211; 2001 a 2018<\/li>\n<\/ul>\n<h4>C\u00f3digo de refer\u00eancia:<\/h4>\n<p>7701071133, 6007EX2T2x3C4<\/p>\n<h4>Condi\u00e7\u00f5es:<\/h4>\n<p>Novo Original\/ NTN<\/p>\n<h4>Especifica\u00e7\u00f5es:<\/h4>\n<p>Medidas(35x62x14mm)<\/p>\n<h4>Garantia:<\/h4>\n<p>3 Meses<\/p>\n<h3><strong>ATEN\u00c7\u00c3O<\/strong>: Antes de efetuar a compra verifique o c\u00f3digo da pe\u00e7a que est\u00e1 instalada no seu ve\u00edculo.<\/h3>\n<p><strong>O que \u00e9 e para que serve o Rolamento do Semi Eixo?<\/strong><\/p>\n<p>O Rolamento do Semi Eixo \u00e9 incorporado para reduzir o atrito entre as partes m\u00f3veis do semi eixo, promovendo uma opera\u00e7\u00e3o mais eficiente e minimizando o desgaste, contribui para a estabilidade e o conforto durante a condu\u00e7\u00e3o, ajudando a absorver impactos e vibra\u00e7\u00f5es do solo e da suspens\u00e3o, facilita a transmiss\u00e3o eficiente de torque do diferencial para as rodas, garantindo que a energia gerada pelo motor seja transferida de maneira eficaz para impulsionar o ve\u00edculo.<\/p>\n<p>&nbsp;<\/p>\n<p>A Casa da Inje\u00e7\u00e3o oferece total garantia nos produtos comprados em nosso site.<\/p>\n<ol>\n<li>Cada item \u00e9 rigorosamente testado antes do envio<\/li>\n<li>Se os itens estiverem danificados ou parcialmente defeituosos, entre em contato conosco.<\/li>\n<\/ol>\n<p>Se houver qualquer defeito, n\u00f3s lhe enviaremos uma substitui\u00e7\u00e3o ap\u00f3s receber o pacote ou devolvemos seu dinheiro.<\/p>\n<p>Leia nossa <a href=\"https:\/\/www.casadainjecao.com.br\/loja\/politica-de-devolucao\">pol\u00edtica de devolu\u00e7\u00e3o aqui<\/a><\/p>\n<p>&#8212;&#8212;&#8212;&#8212;&#8212;&#8212;&#8212;&#8212;&#8212;&#8212;&#8212;&#8212;&#8212;&#8212;&#8212;&#8212;&#8212;&#8212;&#8212;&#8211;<\/p>\n<h4>Tem alguma d\u00favida?<\/h4>\n<p>Entre em contato que podemos ajudar!<\/p>\n<p>Confira as informa\u00e7\u00f5es adicionais abaixo:<\/p>\n<ul>\n<li>Todos os nossos produtos s\u00e3o novos, semi-novos, originais, paralelos e possuem garantia.<\/li>\n<li>Todos os produtos anunciados est\u00e3o dispon\u00edveis em estoque e s\u00e3o enviados com extrema rapidez.<\/li>\n<li>O frete pode ser simulado antes de efetuar a compra, basta clicar em \u201cver custos de envio\u201d.<\/li>\n<li>Verifique o endere\u00e7o de entrega cadastrado e atualize caso necess\u00e1rio.<\/li>\n<li>Confirme se a pe\u00e7a \u00e9 correta para o seu modelo de ve\u00edculo.<\/li>\n<li>Para pe\u00e7as automotivas, recomendamos a instala\u00e7\u00e3o por um profissional especializado.<\/li>\n<\/ul>\n<p>Caso possua outras d\u00favidas, entre em contato.<\/p>\n","protected":false},"excerpt":{"rendered":"<h2>Rolamento Semi Eixo Renault Clio Laguna Master &#8211; 7701071133<\/h2>\n<p>&nbsp;<\/p>\n<p>&nbsp;<\/p>\n","protected":false},"featured_media":40083,"template":"","meta":{"_seopress_robots_primary_cat":"none","_seopress_titles_title":"","_seopress_titles_desc":"","_seopress_robots_index":"","_joinchat":[]},"product_cat":[329,26],"product_tag":[49,1422,128,81,50,401,51],"berocket_brand":[394],"_links":{"self":[{"href":"https:\/\/www.casadainjecao.com.br\/loja\/wp-json\/wp\/v2\/product\/9378"}],"collection":[{"href":"https:\/\/www.casadainjecao.com.br\/loja\/wp-json\/wp\/v2\/product"}],"about":[{"href":"https:\/\/www.casadainjecao.com.br\/loja\/wp-json\/wp\/v2\/types\/product"}],"wp:featuredmedia":[{"embeddable":true,"href":"https:\/\/www.casadainjecao.com.br\/loja\/wp-json\/wp\/v2\/media\/40083"}],"wp:attachment":[{"href":"https:\/\/www.casadainjecao.com.br\/loja\/wp-json\/wp\/v2\/media?parent=9378"}],"wp:term":[{"taxonomy":"product_cat","embeddable":true,"href":"https:\/\/www.casadainjecao.com.br\/loja\/wp-json\/wp\/v2\/product_cat?post=9378"},{"taxonomy":"product_tag","embeddable":true,"href":"https:\/\/www.casadainjecao.com.br\/loja\/wp-json\/wp\/v2\/product_tag?post=9378"},{"taxonomy":"berocket_brand","embeddable":true,"href":"https:\/\/www.casadainjecao.com.br\/loja\/wp-json\/wp\/v2\/berocket_brand?post=9378"}],"curies":[{"name":"wp","href":"https:\/\/api.w.org\/{rel}","templated":true}]}}