{"id":938,"date":"2020-08-04T02:54:54","date_gmt":"2020-08-04T05:54:54","guid":{"rendered":"http:\/\/casadainjecao.com.br\/loja\/?post_type=product&#038;p=938"},"modified":"2023-10-20T17:19:19","modified_gmt":"2023-10-20T20:19:19","slug":"arruela-vedacao-do-bujao-carter-kangoo-2000-a-2016-110265505r","status":"publish","type":"product","link":"https:\/\/www.casadainjecao.com.br\/loja\/autopecas\/motor\/retentor\/arruela-vedacao-do-bujao-carter-kangoo-2000-a-2016-110265505r\/","title":{"rendered":"Arruela Veda\u00e7\u00e3o do Buj\u00e3o Carter Renault Kangoo &#8211; 11"},"content":{"rendered":"<h1>Arruela de Veda\u00e7\u00e3o Emborrachada do Buj\u00e3o Carter<\/h1>\n<h1>Renault<\/h1>\n<h1>Kangoo 1.0 16v\/1.6 16v &#8211; 1997 a 2018<\/h1>\n<h1>Sandero II 1.0 16v\/1.6 8v\/1.6 16v\/1.0 12v\/2.0 16v &#8211; 2013 A 2022<\/h1>\n<h1>Clio II\u00a0 1.0 8v\/1.6 8v\/1.6 16v\/1.0 16v &#8211; 1998 A 2018<\/h1>\n<h1>Twingo 1.0 8v\/1.0 16v\/1.1 8v\/1.2 8v &#8211; 1993 A 2017<\/h1>\n<h1>Duster 1.6 16v\/2.0 16v &#8211; 2001 A 2018<\/h1>\n<h1>Scenic I 1.6 16v\/2.0 8v\/2.0 16v &#8211; 1996 A 2017<\/h1>\n<h1>Megane I 1.6 8v\/1.6 16v\/2.0 8v &#8211; 1995 A 2016<\/h1>\n<h1>Logan 1.0 16v\/1.6 8v\/ 1.6 16v &#8211; 2002 A\u00a0 2013<\/h1>\n<h1>Symbol\u00a0 1.6 8v\/ 1.6 16v &#8211; 2007 A 2018<\/h1>\n<h1>Grand Scenic 2.0 16v &#8211; 2002 A 2018<\/h1>\n<h1>Megane Sedan 1.6 16v\/2.0 8v\/2.0 16v &#8211; 1996 A 2017<\/h1>\n<h1>Laguna 2.0 8v\/2.0 16v\/3.0 12v\/3.0 24v &#8211; 1993 A 2011<\/h1>\n<h1>Twziy &#8211; 2011 A 2018<\/h1>\n<h1>Fluence 1.6 16v\/2.0 16v &#8211; 2001 A 2018<\/h1>\n<h1>C\u00f3digo: &#8211; 110265505r\/8200641648\/7700266044<\/h1>\n","protected":false},"excerpt":{"rendered":"<h1 class=\"ui-pdp-title\">Arruela Veda\u00e7\u00e3o do Buj\u00e3o Carter Renault Kangoo &#8211; 110265505r<\/h1>\n","protected":false},"featured_media":25553,"template":"","meta":{"_seopress_robots_primary_cat":"none","_seopress_titles_title":"","_seopress_titles_desc":"","_seopress_robots_index":"","_seopress_analysis_target_kw":"","_kad_blocks_custom_css":"","_kad_blocks_head_custom_js":"","_kad_blocks_body_custom_js":"","_kad_blocks_footer_custom_js":"","_kadence_starter_templates_imported_post":false,"_joinchat":[]},"product_brand":[],"product_cat":[238],"product_tag":[57],"berocket_brand":[394],"class_list":{"0":"post-938","1":"product","2":"type-product","3":"status-publish","4":"has-post-thumbnail","6":"product_cat-retentor","7":"product_tag-kangoo","8":"berocket_brand-renault","9":"thunk-woo-product-list","10":"big-store-woo-hover-zoom","11":"open-single-product-tab-horizontal","12":"open-shadow-","13":"open-shadow-hover-","15":"first","16":"instock","17":"sale","18":"taxable","19":"shipping-taxable","20":"purchasable","21":"product-type-simple"},"taxonomy_info":{"product_cat":[{"value":238,"label":"Retentor"}],"product_tag":[{"value":57,"label":"Kangoo"}],"berocket_brand":[{"value":394,"label":"Renault"}]},"featured_image_src_large":["https:\/\/www.casadainjecao.com.br\/loja\/wp-content\/uploads\/2020\/08\/110265505R-802x780.jpg",640,622,true],"author_info":[],"comment_info":"","_links":{"self":[{"href":"https:\/\/www.casadainjecao.com.br\/loja\/wp-json\/wp\/v2\/product\/938","targetHints":{"allow":["GET"]}}],"collection":[{"href":"https:\/\/www.casadainjecao.com.br\/loja\/wp-json\/wp\/v2\/product"}],"about":[{"href":"https:\/\/www.casadainjecao.com.br\/loja\/wp-json\/wp\/v2\/types\/product"}],"wp:featuredmedia":[{"embeddable":true,"href":"https:\/\/www.casadainjecao.com.br\/loja\/wp-json\/wp\/v2\/media\/25553"}],"wp:attachment":[{"href":"https:\/\/www.casadainjecao.com.br\/loja\/wp-json\/wp\/v2\/media?parent=938"}],"wp:term":[{"taxonomy":"product_brand","embeddable":true,"href":"https:\/\/www.casadainjecao.com.br\/loja\/wp-json\/wp\/v2\/product_brand?post=938"},{"taxonomy":"product_cat","embeddable":true,"href":"https:\/\/www.casadainjecao.com.br\/loja\/wp-json\/wp\/v2\/product_cat?post=938"},{"taxonomy":"product_tag","embeddable":true,"href":"https:\/\/www.casadainjecao.com.br\/loja\/wp-json\/wp\/v2\/product_tag?post=938"},{"taxonomy":"berocket_brand","embeddable":true,"href":"https:\/\/www.casadainjecao.com.br\/loja\/wp-json\/wp\/v2\/berocket_brand?post=938"}],"curies":[{"name":"wp","href":"https:\/\/api.w.org\/{rel}","templated":true}]}}