{"id":9402,"date":"2021-03-22T11:34:57","date_gmt":"2021-03-22T14:34:57","guid":{"rendered":"http:\/\/www.casadainjecao.com.br\/loja\/?post_type=product&#038;p=9402"},"modified":"2022-11-04T07:50:57","modified_gmt":"2022-11-04T10:50:57","slug":"botao-do-vidro-eletrico-renault-clio-8200467836","status":"publish","type":"product","link":"https:\/\/www.casadainjecao.com.br\/loja\/autopecas\/eletrica\/botoes\/botao-do-vidro-eletrico-renault-clio-8200467836\/","title":{"rendered":"Bot\u00e3o do Vidro El\u00e9trico Renault Clio &#8211; 8200467836"},"content":{"rendered":"<h1>Bot\u00e3o do Vidro El\u00e9trico Renault Clio &#8211; 8200467836<\/h1>\n","protected":false},"excerpt":{"rendered":"<h2>Bot\u00e3o do Vidro El\u00e9trico 5 Pinos<\/h2>\n<h2>Renault Clio<\/h2>\n<h2>Codigo:- 8200467836 c=149<\/h2>\n","protected":false},"featured_media":9404,"template":"","meta":{"_seopress_robots_primary_cat":"none","_seopress_titles_title":"","_seopress_titles_desc":"","_seopress_robots_index":"","_kad_blocks_custom_css":"","_kad_blocks_head_custom_js":"","_kad_blocks_body_custom_js":"","_kad_blocks_footer_custom_js":"","_joinchat":[]},"product_cat":[118,17],"product_tag":[49],"berocket_brand":[394],"taxonomy_info":{"product_cat":[{"value":118,"label":"Bot\u00f5es"},{"value":17,"label":"El\u00e9trica"}],"product_tag":[{"value":49,"label":"Clio"}],"berocket_brand":[{"value":394,"label":"Renault"}]},"featured_image_src_large":["https:\/\/www.casadainjecao.com.br\/loja\/wp-content\/uploads\/2021\/03\/8200467836a-751x780.png",640,665,true],"author_info":[],"comment_info":"","_links":{"self":[{"href":"https:\/\/www.casadainjecao.com.br\/loja\/wp-json\/wp\/v2\/product\/9402"}],"collection":[{"href":"https:\/\/www.casadainjecao.com.br\/loja\/wp-json\/wp\/v2\/product"}],"about":[{"href":"https:\/\/www.casadainjecao.com.br\/loja\/wp-json\/wp\/v2\/types\/product"}],"wp:featuredmedia":[{"embeddable":true,"href":"https:\/\/www.casadainjecao.com.br\/loja\/wp-json\/wp\/v2\/media\/9404"}],"wp:attachment":[{"href":"https:\/\/www.casadainjecao.com.br\/loja\/wp-json\/wp\/v2\/media?parent=9402"}],"wp:term":[{"taxonomy":"product_cat","embeddable":true,"href":"https:\/\/www.casadainjecao.com.br\/loja\/wp-json\/wp\/v2\/product_cat?post=9402"},{"taxonomy":"product_tag","embeddable":true,"href":"https:\/\/www.casadainjecao.com.br\/loja\/wp-json\/wp\/v2\/product_tag?post=9402"},{"taxonomy":"berocket_brand","embeddable":true,"href":"https:\/\/www.casadainjecao.com.br\/loja\/wp-json\/wp\/v2\/berocket_brand?post=9402"}],"curies":[{"name":"wp","href":"https:\/\/api.w.org\/{rel}","templated":true}]}}