{"id":9575,"date":"2021-03-26T10:06:47","date_gmt":"2021-03-26T13:06:47","guid":{"rendered":"http:\/\/www.casadainjecao.com.br\/loja\/?post_type=product&#038;p=9575"},"modified":"2025-09-12T18:16:28","modified_gmt":"2025-09-12T21:16:28","slug":"suporte-pinca-de-freio-traseira-esquerda-renault-logan-megane-440015394r","status":"publish","type":"product","link":"https:\/\/www.casadainjecao.com.br\/loja\/autopecas\/freios\/cavalete-de-freio\/suporte-pinca-de-freio-traseira-esquerda-renault-logan-megane-440015394r\/","title":{"rendered":"Cavalete Pin\u00e7a de Freio Traseira Esquerda Renault Fluence M"},"content":{"rendered":"<h1>Cavalete Pin\u00e7a de Freio Traseira Esquerda = Suporte Pin\u00e7a Freio<\/h1>\n<h3><strong>RENAULT<\/strong><\/h3>\n<h3>LOGAN Authentique Hi-Flex 1.0 16V 4p 2013 a 2017 Gasolina<br \/>\nLOGAN Expres.\/Exp. UP Hi-Flex 1.0 16V 4p 2013 a 2017<br \/>\nLOGAN Expression Hi-Flex 1.6 8V 4p 2013 a 2017 Gasolina<br \/>\nLOGAN Expression Hi-Flex 1.6 16V 4p Aut 2013 Gasolina<br \/>\nLOGAN Dynamique Hi-Flex 1.6 8V 4p 2014 a 2017 Gasolina<br \/>\nLOGAN Dyna. EasyR Hi-Flex 1.6 8V 2014 a 2017 Gasolina<br \/>\nLOGAN Expres. EasyR Hi-Flex 1.6 8V 2015, 2016, 2017 Gasolina<br \/>\nLOGAN Authentique Plus Hi-F. 1.0 16V 4p 2016 Gasolina<br \/>\nLOGAN Expres. P.Avant. Hi-Flex 1.6 8V 4p 2017 Gasolina<br \/>\nLOGAN Authentique Flex 1.0 12V 4p 2017 a 2020 Gasolina<br \/>\nLOGAN Expression Flex 1.0 12V 4p 2017 a 2020 Gasolina<br \/>\nLOGAN Dynamique EasyR Flex 1.6 16V 4p 2017, 2018 Gasolina<br \/>\nLOGAN Dynamique Flex 1.6 16V 4p 2017, 2018, 2019 Gasolina<br \/>\nLOGAN Expression Easy R Flex 1.6 16V 4p 2017, 2018, 2019 Gasolina<br \/>\nLOGAN Expression Flex 1.6 16V 4p 2017 a 2020 Gasolina<br \/>\nLOGAN Expres. Avantage Flex 1.0 12v 4p 2018, 2019, 2020 Gasolina<br \/>\nLOGAN Expres. Avantage Flex 1.6 16V 4p 2018, 2019, 2020 Gasolina<br \/>\nSANDERO Authentique Hi-Flex 1.0 16V 5p 2013, 2014 Gasolina<br \/>\nSANDERO Expression Hi-Flex 1.0 16V 5p 2013, 2014 Gasolina<br \/>\nSANDERO Expression Hi-Flex 1.6 8V 5p 2013, 2014 Gasolina<br \/>\nSANDERO Privil\u00e8ge Hi-Flex 1.6 8V 5p 2013, 2014 Gasolina<br \/>\nSANDERO STEPWAY Hi-Flex 1.6 16V 5p 2013 Gasolina<br \/>\nSANDERO Privil\u00e8ge Hi-Flex 1.6 16V 5p Aut 2013, 2014 Gasolina<br \/>\nSANDERO STEPWAY Hi-Flex 1.6 16V 5p Aut. 2013, 2014 Gasolina<br \/>\nSANDERO STEPWAY Hi-F. R. CURL 1.6 16V 5p 2013 Gasolina<br \/>\nSANDERO GT line Hi-Flex 1.6 8V 5p 2013, 2014 Gasolina<br \/>\nSANDERO STEPWAY Hi-Power 1.6 8V 5p 2013 a 2017 Gasolina<br \/>\nSANDERO STEPWAY Tweed HFlex 1.6 16V Aut 2014 Gasolina<br \/>\nSANDERO STEPWAY Tweed HFlex 1.6 8V 5p 2014 Gasolina<br \/>\nSANDERO Authentique Hi-Power 1.0 16V 5p 2015, 2016, 2017 Gasolina<br \/>\nSANDERO Dynamique Hi-Power 1.6 8V 5p 2015, 2016, 2017 Gasolina<br \/>\nSANDERO Expression Hi-Power 1.0 16V 5p 2015, 2016, 2017 Gasolina<br \/>\nSANDERO Expression Hi-Power 1.6 8V 5p 2015, 2016, 2017 Gasolina<br \/>\nSANDERO Dyna. EasyR Hi-Flex 1.6 8V 2015, 2016, 2017 Gasolina<br \/>\nSANDERO Expres EasyR Hi-Flex 1.6 8V 2015, 2016, 2017 Gasolina<br \/>\nSANDERO STEP. Easy R H-Power 1.6 8V 2015, 2016, 2017 Gasolina<br \/>\nSANDERO Auth. Plus Hi-Power 1.0 16V 5p 2016 Gasolina<br \/>\nSANDERO GT line Hi-Power 1.6 8V 5p 2016, 2017 Gasolina<br \/>\nSANDERO SPORT RS 2.0 Flex 16V 5p 2015 a 2019 Gasolina<br \/>\nSANDERO STEP. R. CURL Hi-Power 1.6 8V 5p 2016, 2017 Gasolina<br \/>\nSANDERO STEP. Easy R R.CURL H.P. 1.6 5p 2016, 2017 Gasolina<br \/>\nSANDERO Expres. P.Avant. Hi.P. 1.6 8V 5p 2017 Gasolina<br \/>\nSANDERO Authentique Flex 1.0 12V 5p 2017, 2018, 2019 Gasolina<br \/>\nSANDERO Expression Flex 1.0 12V 5p 2017, 2018, 2019 Gasolina<br \/>\nSANDERO vibe Flex 1.0 12V 5p 2017, 2018, 2019 Gasolina<br \/>\nSANDERO Dynamique Easy R Flex 1.6 16V 5p 2017, 2018 Gasolina<br \/>\nSANDERO Dynamique Flex 1.6 16V 5p 2017, 2018 Gasolina<br \/>\nSANDERO Expression EasyR Flex 1.6 16V 5p 2017, 2018 Gasolina<br \/>\nSANDERO Expression Flex 1.6 16V 5p 2017, 2018, 2019 Gasolina<br \/>\nSANDERO GT line Flex 1.6 16V 5p 2017, 2018, 2019 Gasolina<br \/>\nSANDERO STEPWAY Easy R Flex 1.6 16V 5p 2017, 2018, 2019 Gasolina<br \/>\nSANDERO STEPWAY Flex 1.6 16V 5p 2017, 2018, 2019 Gasolina<br \/>\nSANDERO RS Racing Spirit Flex 2.0 16V 5p 2018, 2019 Gasolina<br \/>\nSANDERO STEPWAY EXP. Flex 1.6 16V 5p 2018, 2019 Gasolina<br \/>\nSANDERO STEP. Easy R Dyn. Flex 1.6 16V 2018, 2019 Gasolina<br \/>\nSANDERO STEPWAY Dynamiq. Flex 1.6 16V 5p 2018, 2019 Gasolina<br \/>\nSANDERO GT line Flex 1.0 12V 5p 2019 Gasolina<br \/>\nSANDERO GT line\/RLIN Flex 1.0 12v 5p 2019 Gasolina<br \/>\nSANDERO GT line\/RLIN Flex 1.6 16V 5p 2017, 2018, 2019 Gasolina<br \/>\nFLUENCE Sed. <span lang=\"EN-US\">Dynamique 2.0 16V FLEX Aut. 2011 a 2018 Gasolina<\/span><span lang=\"EN-US\"><br \/>\nFLUENCE Sed. Dynamique 2.0 16V FLEX Mec. 2011 a 2016 Gasolina<br \/>\nFLUENCE Sedan Privil\u00e8ge 2.0 16V FLEX Aut 2011 a 2018 Gasolina<br \/>\nFLUENCE Sedan GT SPORT 2013, 2014 Gasolina<br \/>\nFLUENCE Sedan GT Line 2.0 Flex Aut. 2014, 2016 Gasolina<br \/>\nFLUENCE Sed. Dyn.\u00a0Plus 2.0 16V FLEX Aut. 2015 a 2018 Gasolina<\/span><br \/>\nFLUENCE Sedan Expres. 1.6 16V FLEX Mec. 2012, 2013, 2014 Gasolina<\/h3>\n<h3>C\u00f3digo de Refer\u00eancia:<\/h3>\n<h3>440015394r\/ VFSU01610<\/h3>\n<h5>Condi\u00e7\u00f5es:<\/h5>\n<h5>Produto Novo Original \/ Marca Renault<\/h5>\n<h5>Garantia:<\/h5>\n<h5>3 Meses<\/h5>\n<h5><span style=\"font-size: 13.5pt;\">ATEN\u00c7\u00c3O: Antes de efetuar a compra verifique o c\u00f3digo da sua pe\u00e7a que est\u00e1 instalada no seu ve\u00edculo.<\/span><\/h5>\n<h5>A Casa da Inje\u00e7\u00e3o oferece total garantia nos produtos comprados em nosso site.<\/h5>\n<h5>Cada item \u00e9 rigorosamente testado antes do envio<\/h5>\n<h5>Se os itens estiverem danificados ou parcialmente defeituosos, entre em contato conosco.<\/h5>\n<h5>Procure um profissional devidamente licenciado para a instala\u00e7\u00e3o e fa\u00e7a revis\u00f5es periodicamente. A empresa n\u00e3o se responsabiliza por problemas oriundos da m\u00e1 instala\u00e7\u00e3o ou com a falta de cuidados peri\u00f3dicos dos componentes.<\/h5>\n<h5>Se houver qualquer defeito, n\u00f3s lhe enviaremos uma substitui\u00e7\u00e3o ap\u00f3s receber o pacote ou devolvemos seu dinheiro.<\/h5>\n<h5>Leia nossa\u00a0<a href=\"https:\/\/www.casadainjecao.com.br\/loja\/politica-de-devolucao\"><span style=\"color: blue;\">pol\u00edtica de devolu\u00e7\u00e3o aqui<\/span><\/a><\/h5>\n<h5>\u2014\u2014\u2014\u2014\u2014\u2014\u2014\u2014\u2014\u2014\u2014\u2014\u2014\u2014\u2014\u2014\u2014\u2014\u2014\u2013<\/h5>\n<h5>Tem alguma d\u00favida?<\/h5>\n<h5>Entre em contato que podemos ajudar!<\/h5>\n<h5>Confira as informa\u00e7\u00f5es adicionais abaixo:<\/h5>\n<h5>Todos os nossos produtos s\u00e3o novos, semi-novos, originais e paralelos possuem garantia.<\/h5>\n<h5>Todos os produtos anunciados est\u00e3o dispon\u00edveis em estoque e s\u00e3o enviados com extrema rapidez.<\/h5>\n<h5>O frete pode ser simulado antes de efetuar a compra, basta clicar em \u201cver custos de envio\u201d.<\/h5>\n<h5>Verifique o endere\u00e7o de entrega cadastrado e atualize caso necess\u00e1rio.<\/h5>\n<h5>Confirme se a pe\u00e7a \u00e9 correta para o seu modelo de ve\u00edculo.<\/h5>\n<h5>Para pe\u00e7as automotivas, recomendamos a instala\u00e7\u00e3o por um profissional especializado.<\/h5>\n<h5>Caso possua outras d\u00favidas, entre em contato.<\/h5>\n","protected":false},"excerpt":{"rendered":"<h2>Cavalete Pin\u00e7a Freio Traseira Esquerda Renault Fluence Megane 440015394r<\/h2>\n","protected":false},"featured_media":9578,"template":"","meta":{"_seopress_robots_primary_cat":"none","_seopress_titles_title":"","_seopress_titles_desc":"","_seopress_robots_index":"","_joinchat":[]},"product_cat":[174,20,184],"product_tag":[139,1309,1257],"berocket_brand":[394],"_links":{"self":[{"href":"https:\/\/www.casadainjecao.com.br\/loja\/wp-json\/wp\/v2\/product\/9575"}],"collection":[{"href":"https:\/\/www.casadainjecao.com.br\/loja\/wp-json\/wp\/v2\/product"}],"about":[{"href":"https:\/\/www.casadainjecao.com.br\/loja\/wp-json\/wp\/v2\/types\/product"}],"wp:featuredmedia":[{"embeddable":true,"href":"https:\/\/www.casadainjecao.com.br\/loja\/wp-json\/wp\/v2\/media\/9578"}],"wp:attachment":[{"href":"https:\/\/www.casadainjecao.com.br\/loja\/wp-json\/wp\/v2\/media?parent=9575"}],"wp:term":[{"taxonomy":"product_cat","embeddable":true,"href":"https:\/\/www.casadainjecao.com.br\/loja\/wp-json\/wp\/v2\/product_cat?post=9575"},{"taxonomy":"product_tag","embeddable":true,"href":"https:\/\/www.casadainjecao.com.br\/loja\/wp-json\/wp\/v2\/product_tag?post=9575"},{"taxonomy":"berocket_brand","embeddable":true,"href":"https:\/\/www.casadainjecao.com.br\/loja\/wp-json\/wp\/v2\/berocket_brand?post=9575"}],"curies":[{"name":"wp","href":"https:\/\/api.w.org\/{rel}","templated":true}]}}