{"id":9668,"date":"2021-04-01T10:24:53","date_gmt":"2021-04-01T13:24:53","guid":{"rendered":"https:\/\/www.casadainjecao.com.br\/loja\/?post_type=product&#038;p=9668"},"modified":"2022-12-13T17:34:30","modified_gmt":"2022-12-13T20:34:30","slug":"coluna-de-direcao-renault-laguna-8200002220","status":"publish","type":"product","link":"https:\/\/www.casadainjecao.com.br\/loja\/autopecas\/suspencao\/caixa-de-direcao\/coluna-de-direcao-renault-laguna-8200002220\/","title":{"rendered":"Coluna de Dire\u00e7\u00e3o Renault Laguna &#8211; 8200002220"},"content":{"rendered":"<h1>Coluna de Dire\u00e7\u00e3o Renault Laguna &#8211; 8200002220<\/h1>\n","protected":false},"excerpt":{"rendered":"<h2>Coluna de Dire\u00e7\u00e3o<\/h2>\n<h2>Renault Laguna 1.6 16v<\/h2>\n<h2>Codigo:- 8200002220\u00a0 p=27<\/h2>\n","protected":false},"featured_media":9670,"template":"","meta":{"_seopress_robots_primary_cat":"none","_seopress_titles_title":"","_seopress_titles_desc":"","_seopress_robots_index":"","_joinchat":[]},"product_cat":[1176,1104],"product_tag":[128],"berocket_brand":[394],"_links":{"self":[{"href":"https:\/\/www.casadainjecao.com.br\/loja\/wp-json\/wp\/v2\/product\/9668"}],"collection":[{"href":"https:\/\/www.casadainjecao.com.br\/loja\/wp-json\/wp\/v2\/product"}],"about":[{"href":"https:\/\/www.casadainjecao.com.br\/loja\/wp-json\/wp\/v2\/types\/product"}],"wp:featuredmedia":[{"embeddable":true,"href":"https:\/\/www.casadainjecao.com.br\/loja\/wp-json\/wp\/v2\/media\/9670"}],"wp:attachment":[{"href":"https:\/\/www.casadainjecao.com.br\/loja\/wp-json\/wp\/v2\/media?parent=9668"}],"wp:term":[{"taxonomy":"product_cat","embeddable":true,"href":"https:\/\/www.casadainjecao.com.br\/loja\/wp-json\/wp\/v2\/product_cat?post=9668"},{"taxonomy":"product_tag","embeddable":true,"href":"https:\/\/www.casadainjecao.com.br\/loja\/wp-json\/wp\/v2\/product_tag?post=9668"},{"taxonomy":"berocket_brand","embeddable":true,"href":"https:\/\/www.casadainjecao.com.br\/loja\/wp-json\/wp\/v2\/berocket_brand?post=9668"}],"curies":[{"name":"wp","href":"https:\/\/api.w.org\/{rel}","templated":true}]}}