{"id":9730,"date":"2021-04-05T10:37:11","date_gmt":"2021-04-05T13:37:11","guid":{"rendered":"https:\/\/www.casadainjecao.com.br\/loja\/?post_type=product&#038;p=9730"},"modified":"2023-04-27T14:37:12","modified_gmt":"2023-04-27T17:37:12","slug":"coluna-de-direcao-eletrica-renault-fluence-285049173r","status":"publish","type":"product","link":"https:\/\/www.casadainjecao.com.br\/loja\/autopecas\/suspencao\/caixa-de-direcao\/coluna-de-direcao-eletrica-renault-fluence-285049173r\/","title":{"rendered":"Coluna de Dire\u00e7\u00e3o Eletrica Renault Fluence &#8211; 4885095"},"content":{"rendered":"<h1>Coluna de Dire\u00e7\u00e3o Eletrica Renault Fluence &#8211; 488509523r<\/h1>\n","protected":false},"excerpt":{"rendered":"<h2>Coluna de Dire\u00e7\u00e3o El\u00e9trica Nova Original<\/h2>\n<h2>Renault Fluence Megane<\/h2>\n<h2>Codigo:- 488109523r\/488109949r\/5wk67100a c=85<\/h2>\n","protected":false},"featured_media":9731,"template":"","meta":{"_seopress_robots_primary_cat":"none","_seopress_titles_title":"","_seopress_titles_desc":"","_seopress_robots_index":"","_seopress_analysis_target_kw":"","_kad_blocks_custom_css":"","_kad_blocks_head_custom_js":"","_kad_blocks_body_custom_js":"","_kad_blocks_footer_custom_js":"","_kadence_starter_templates_imported_post":false,"_joinchat":[]},"product_brand":[],"product_cat":[1176,217,22,1104],"product_tag":[50,408],"berocket_brand":[394],"class_list":{"0":"post-9730","1":"product","2":"type-product","3":"status-publish","4":"has-post-thumbnail","6":"product_cat-caixa-de-direcao","7":"product_cat-direcao-hidraulica","8":"product_cat-motor","9":"product_cat-suspencao","10":"product_tag-megane","11":"product_tag-renault-fluence","12":"berocket_brand-renault","13":"thunk-woo-product-list","14":"big-store-woo-hover-zoom","15":"open-single-product-tab-horizontal","16":"open-shadow-","17":"open-shadow-hover-","19":"first","20":"outofstock","21":"sale","22":"taxable","23":"shipping-taxable","24":"purchasable","25":"product-type-simple"},"taxonomy_info":{"product_cat":[{"value":1176,"label":"Caixa de Dire\u00e7\u00e3o"},{"value":217,"label":"Dire\u00e7\u00e3o Hidraulica"},{"value":22,"label":"Motor"},{"value":1104,"label":"Suspen\u00e7\u00e3o"}],"product_tag":[{"value":50,"label":"Megane"},{"value":408,"label":"Renault Fluence"}],"berocket_brand":[{"value":394,"label":"Renault"}]},"featured_image_src_large":["https:\/\/www.casadainjecao.com.br\/loja\/wp-content\/uploads\/2021\/04\/285049173r-900x499.png",640,355,true],"author_info":[],"comment_info":"","_links":{"self":[{"href":"https:\/\/www.casadainjecao.com.br\/loja\/wp-json\/wp\/v2\/product\/9730","targetHints":{"allow":["GET"]}}],"collection":[{"href":"https:\/\/www.casadainjecao.com.br\/loja\/wp-json\/wp\/v2\/product"}],"about":[{"href":"https:\/\/www.casadainjecao.com.br\/loja\/wp-json\/wp\/v2\/types\/product"}],"wp:featuredmedia":[{"embeddable":true,"href":"https:\/\/www.casadainjecao.com.br\/loja\/wp-json\/wp\/v2\/media\/9731"}],"wp:attachment":[{"href":"https:\/\/www.casadainjecao.com.br\/loja\/wp-json\/wp\/v2\/media?parent=9730"}],"wp:term":[{"taxonomy":"product_brand","embeddable":true,"href":"https:\/\/www.casadainjecao.com.br\/loja\/wp-json\/wp\/v2\/product_brand?post=9730"},{"taxonomy":"product_cat","embeddable":true,"href":"https:\/\/www.casadainjecao.com.br\/loja\/wp-json\/wp\/v2\/product_cat?post=9730"},{"taxonomy":"product_tag","embeddable":true,"href":"https:\/\/www.casadainjecao.com.br\/loja\/wp-json\/wp\/v2\/product_tag?post=9730"},{"taxonomy":"berocket_brand","embeddable":true,"href":"https:\/\/www.casadainjecao.com.br\/loja\/wp-json\/wp\/v2\/berocket_brand?post=9730"}],"curies":[{"name":"wp","href":"https:\/\/api.w.org\/{rel}","templated":true}]}}