{"id":9897,"date":"2021-04-09T08:40:07","date_gmt":"2021-04-09T11:40:07","guid":{"rendered":"https:\/\/www.casadainjecao.com.br\/loja\/?post_type=product&#038;p=9897"},"modified":"2025-04-16T13:26:42","modified_gmt":"2025-04-16T16:26:42","slug":"espador-de-aco-tensionador-renault-laguna-master-8200607646","status":"publish","type":"product","link":"https:\/\/www.casadainjecao.com.br\/loja\/autopecas\/motor\/correias\/espador-de-aco-tensionador-renault-laguna-master-8200607646\/","title":{"rendered":"Espa\u00e7ador de A\u00e7o Tensionador Renault Laguna &#8211; 820060"},"content":{"rendered":"<h2>Espa\u00e7ador de A\u00e7o Tensionador<\/h2>\n<p>Renault<\/p>\n<p>Laguna 2.0 16v 3.0 24v 2000 a 2016<\/p>\n<p>M\u00e9gane 1.6 16v 2.0 16v 2001 a 2016<\/p>\n<p>Sc\u00e9nic 1.6 16v 2.0 8v 16v 1996 a 2017<\/p>\n<p>M\u00e9gane 1.6 16v 2.0 8v 16v 1996 a 2017<\/p>\n<p>Fluence 1.6 16v 2.0 16v 2001 a 2018<\/p>\n<p>Grand Sc\u00e9nic 2.0 16v 2002 a 2018<\/p>\n<h4>C\u00f3digo de Refer\u00eancia:<\/h4>\n<p>8200607646, 7700109645<\/p>\n<h4 class=\"western\">Condi\u00e7\u00f5es:<\/h4>\n<p>Produto Novo Original \/ Marca Renault<\/p>\n<h4 class=\"western\">Garantia:<\/h4>\n<p>3 Meses<\/p>\n<h3 class=\"western\">ATEN\u00c7\u00c3O: Antes de efetuar a compra verifique o c\u00f3digo da sua pe\u00e7a que est\u00e1 instalada no seu ve\u00edculo.<\/h3>\n<h4 class=\"western\"><\/h4>\n<p>A Casa da Inje\u00e7\u00e3o oferece total garantia nos produtos comprados em nosso site.<\/p>\n<p>Cada item \u00e9 rigorosamente testado antes do envio<\/p>\n<p>Se os itens estiverem danificados ou parcialmente defeituosos, entre em contato conosco.<\/p>\n<p>Procure um profissional devidamente licenciado para a instala\u00e7\u00e3o e fa\u00e7a revis\u00f5es periodicamente. A empresa n\u00e3o se responsabiliza por problemas oriundos da m\u00e1 instala\u00e7\u00e3o ou com a falta de cuidados peri\u00f3dicos dos componentes.<\/p>\n<p>Se houver qualquer defeito, n\u00f3s lhe enviaremos uma substitui\u00e7\u00e3o ap\u00f3s receber o pacote ou devolvemos seu dinheiro.<\/p>\n<p>Leia nossa\u00a0<a href=\"https:\/\/www.casadainjecao.com.br\/loja\/politica-de-devolucao\">pol\u00edtica de devolu\u00e7\u00e3o aqui<\/a><\/p>\n<p>\u2014\u2014\u2014\u2014\u2014\u2014\u2014\u2014\u2014\u2014\u2014\u2014\u2014\u2014\u2014\u2014\u2014\u2014\u2014\u2013<\/p>\n<p>Tem alguma d\u00favida?<\/p>\n<p>Entre em contato que podemos ajudar!<\/p>\n<p>Confira as informa\u00e7\u00f5es adicionais abaixo:<\/p>\n<p>Todos os nossos produtos s\u00e3o novos, semi-novos, originais e paralelos possuem garantia.<\/p>\n<p>Todos os produtos anunciados est\u00e3o dispon\u00edveis em estoque e s\u00e3o enviados com extrema rapidez.<\/p>\n<p>O frete pode ser simulado antes de efetuar a compra, basta clicar em \u201cver custos de envio\u201d.<\/p>\n<p>Verifique o endere\u00e7o de entrega cadastrado e atualize caso necess\u00e1rio.<\/p>\n<p>Confirme se a pe\u00e7a \u00e9 correta para o seu modelo de ve\u00edculo.<\/p>\n<p>Para pe\u00e7as automotivas, recomendamos a instala\u00e7\u00e3o por um profissional especializado.<\/p>\n<p><span style=\"color: #000000;\"><span style=\"font-family: Proxima Nova, apple-system, Roboto, Arial, sans-serif;\"><span style=\"font-size: large;\">Caso possua outras d\u00favidas, entre em contato.<\/span><\/span><\/span><\/p>\n","protected":false},"excerpt":{"rendered":"<h2>Espa\u00e7ador de A\u00e7o Tensionador Renault Laguna &#8211; 8200607646<\/h2>\n","protected":false},"featured_media":9899,"template":"","meta":{"_seopress_robots_primary_cat":"none","_seopress_titles_title":"","_seopress_titles_desc":"","_seopress_robots_index":"","_joinchat":[]},"product_cat":[213,220,22,231],"product_tag":[139,1788,128,51],"berocket_brand":[394],"_links":{"self":[{"href":"https:\/\/www.casadainjecao.com.br\/loja\/wp-json\/wp\/v2\/product\/9897"}],"collection":[{"href":"https:\/\/www.casadainjecao.com.br\/loja\/wp-json\/wp\/v2\/product"}],"about":[{"href":"https:\/\/www.casadainjecao.com.br\/loja\/wp-json\/wp\/v2\/types\/product"}],"wp:featuredmedia":[{"embeddable":true,"href":"https:\/\/www.casadainjecao.com.br\/loja\/wp-json\/wp\/v2\/media\/9899"}],"wp:attachment":[{"href":"https:\/\/www.casadainjecao.com.br\/loja\/wp-json\/wp\/v2\/media?parent=9897"}],"wp:term":[{"taxonomy":"product_cat","embeddable":true,"href":"https:\/\/www.casadainjecao.com.br\/loja\/wp-json\/wp\/v2\/product_cat?post=9897"},{"taxonomy":"product_tag","embeddable":true,"href":"https:\/\/www.casadainjecao.com.br\/loja\/wp-json\/wp\/v2\/product_tag?post=9897"},{"taxonomy":"berocket_brand","embeddable":true,"href":"https:\/\/www.casadainjecao.com.br\/loja\/wp-json\/wp\/v2\/berocket_brand?post=9897"}],"curies":[{"name":"wp","href":"https:\/\/api.w.org\/{rel}","templated":true}]}}